{"id":8795,"date":"2021-01-26T09:27:50","date_gmt":"2021-01-26T08:27:50","guid":{"rendered":"https:\/\/friselva.com\/cookies\/"},"modified":"2024-07-23T09:51:26","modified_gmt":"2024-07-23T07:51:26","slug":"cookies","status":"publish","type":"page","link":"https:\/\/friselva.com\/zh-hant\/cookies\/","title":{"rendered":"Cookies policy"},"content":{"rendered":"\t\t<div data-elementor-type=\"wp-page\" data-elementor-id=\"8795\" class=\"elementor elementor-8795 elementor-4853\" data-elementor-post-type=\"page\">\n\t\t\t\t\t\t<section class=\"elementor-section elementor-top-section elementor-element elementor-element-c2899f7 elementor-section-full_width elementor-section-height-default elementor-section-height-default parallax_section_no qode_elementor_container_no\" data-id=\"c2899f7\" data-element_type=\"section\" data-e-type=\"section\" data-settings=\"{&quot;background_background&quot;:&quot;classic&quot;}\">\n\t\t\t\t\t\t<div class=\"elementor-container elementor-column-gap-no\">\n\t\t\t\t\t<div class=\"elementor-column elementor-col-100 elementor-top-column elementor-element elementor-element-20bb2b5\" data-id=\"20bb2b5\" data-element_type=\"column\" data-e-type=\"column\">\n\t\t\t<div class=\"elementor-widget-wrap elementor-element-populated\">\n\t\t\t\t\t\t<section class=\"elementor-section elementor-inner-section elementor-element elementor-element-a8c3309 elementor-section-full_width elementor-section-height-min-height elementor-section-height-default parallax_section_no qode_elementor_container_no\" data-id=\"a8c3309\" data-element_type=\"section\" data-e-type=\"section\" data-settings=\"{&quot;background_background&quot;:&quot;classic&quot;}\">\n\t\t\t\t\t\t<div class=\"elementor-container elementor-column-gap-default\">\n\t\t\t\t\t<div class=\"elementor-column elementor-col-100 elementor-inner-column elementor-element elementor-element-0416fb1\" data-id=\"0416fb1\" data-element_type=\"column\" data-e-type=\"column\">\n\t\t\t<div class=\"elementor-widget-wrap elementor-element-populated\">\n\t\t\t\t\t\t<div class=\"elementor-element elementor-element-848a6a5 elementor-widget elementor-widget-heading\" data-id=\"848a6a5\" data-element_type=\"widget\" data-e-type=\"widget\" data-widget_type=\"heading.default\">\n\t\t\t\t<div class=\"elementor-widget-container\">\n\t\t\t\t\t<h1 class=\"elementor-heading-title elementor-size-default\">COOKIES POLICY<\/h1>\t\t\t\t<\/div>\n\t\t\t\t<\/div>\n\t\t\t\t<div class=\"elementor-element elementor-element-ea2486d elementor-widget-divider--view-line elementor-widget elementor-widget-divider\" data-id=\"ea2486d\" data-element_type=\"widget\" data-e-type=\"widget\" data-widget_type=\"divider.default\">\n\t\t\t\t<div class=\"elementor-widget-container\">\n\t\t\t\t\t\t\t<div class=\"elementor-divider\">\n\t\t\t<span class=\"elementor-divider-separator\">\n\t\t\t\t\t\t<\/span>\n\t\t<\/div>\n\t\t\t\t\t\t<\/div>\n\t\t\t\t<\/div>\n\t\t\t\t<div class=\"elementor-element elementor-element-d097917 elementor-widget elementor-widget-heading\" data-id=\"d097917\" data-element_type=\"widget\" data-e-type=\"widget\" data-widget_type=\"heading.default\">\n\t\t\t\t<div class=\"elementor-widget-container\">\n\t\t\t\t\t<h2 class=\"elementor-heading-title elementor-size-default\">INFORMATION ON COOKIES<\/h2>\t\t\t\t<\/div>\n\t\t\t\t<\/div>\n\t\t\t\t<div class=\"elementor-element elementor-element-687254a elementor-widget elementor-widget-text-editor\" data-id=\"687254a\" data-element_type=\"widget\" data-e-type=\"widget\" data-widget_type=\"text-editor.default\">\n\t\t\t\t<div class=\"elementor-widget-container\">\n\t\t\t\t\t\t\t\t\t<p>Owing to the entry into force of the aforementioned modification to the Information Society Services and Electronic Commerce Act (LSSICE) established by Royal Decree 13\/2012, it is compulsory for the explicit consent of any user using websites that employ non-essential cookies to be obtained before they start browsing.<\/p>\n\t\t\t\t\t\t\t\t<\/div>\n\t\t\t\t<\/div>\n\t\t\t\t<div class=\"elementor-element elementor-element-749dab9 elementor-widget elementor-widget-heading\" data-id=\"749dab9\" data-element_type=\"widget\" data-e-type=\"widget\" data-widget_type=\"heading.default\">\n\t\t\t\t<div class=\"elementor-widget-container\">\n\t\t\t\t\t<h2 class=\"elementor-heading-title elementor-size-default\">WHAT ARE COOKIES?<\/h2>\t\t\t\t<\/div>\n\t\t\t\t<\/div>\n\t\t\t\t<div class=\"elementor-element elementor-element-df6d7d8 elementor-widget elementor-widget-text-editor\" data-id=\"df6d7d8\" data-element_type=\"widget\" data-e-type=\"widget\" data-widget_type=\"text-editor.default\">\n\t\t\t\t<div class=\"elementor-widget-container\">\n\t\t\t\t\t\t\t\t\t<p>Cookies and other similar technologies, such as local shared objects, flash cookies or pixels, are tools used by web servers to store and retrieve information about their visitors and to ensure correct functioning of the website. The use of these devices enables the web server to remember certain user data, such as their preferences for viewing the pages on that server, name and password, products of most interest to them, etc.<\/p>\n\t\t\t\t\t\t\t\t<\/div>\n\t\t\t\t<\/div>\n\t\t\t\t<div class=\"elementor-element elementor-element-e5d4d3d elementor-widget elementor-widget-heading\" data-id=\"e5d4d3d\" data-element_type=\"widget\" data-e-type=\"widget\" data-widget_type=\"heading.default\">\n\t\t\t\t<div class=\"elementor-widget-container\">\n\t\t\t\t\t<h2 class=\"elementor-heading-title elementor-size-default\">COOKIES AFFECTED BY THE REGULATIONS AND EXEMPT COOKIES<\/h2>\t\t\t\t<\/div>\n\t\t\t\t<\/div>\n\t\t\t\t<div class=\"elementor-element elementor-element-635658a elementor-widget elementor-widget-text-editor\" data-id=\"635658a\" data-element_type=\"widget\" data-e-type=\"widget\" data-widget_type=\"text-editor.default\">\n\t\t\t\t<div class=\"elementor-widget-container\">\n\t\t\t\t\t\t\t\t\t<p>According to the EU Directive, the cookies that require the user\u2019s informed consent are analytics cookies and advertising and affiliate cookies; excluding those of a technical nature and those necessary for the website to function correctly and for the services explicitly requested by the user to be provided.<\/p>\n\t\t\t\t\t\t\t\t<\/div>\n\t\t\t\t<\/div>\n\t\t\t\t<div class=\"elementor-element elementor-element-eaf2668 elementor-widget elementor-widget-heading\" data-id=\"eaf2668\" data-element_type=\"widget\" data-e-type=\"widget\" data-widget_type=\"heading.default\">\n\t\t\t\t<div class=\"elementor-widget-container\">\n\t\t\t\t\t<h2 class=\"elementor-heading-title elementor-size-default\">WHAT TYPES OF COOKIES ARE THERE?<\/h2>\t\t\t\t<\/div>\n\t\t\t\t<\/div>\n\t\t\t\t<div class=\"elementor-element elementor-element-f2579e9 elementor-widget elementor-widget-text-editor\" data-id=\"f2579e9\" data-element_type=\"widget\" data-e-type=\"widget\" data-widget_type=\"text-editor.default\">\n\t\t\t\t<div class=\"elementor-widget-container\">\n\t\t\t\t\t\t\t\t\t<p>There are five major groups of cookies:<\/p>\n<ul>\n<li>Analytics cookies: they collect information on the use made of the website.<\/li>\n<li>Social cookies: these are necessary for external social networks.<\/li>\n<li>Affiliate cookies: these allow tracking of visits from other websites, with which the website has signed an affiliate agreement (affiliated companies).<\/li>\n<li>Advertising and behavioural cookies: these collect information on the user\u2019s personal preferences and choices (retargeting).<\/li>\n<li>Technical and functional cookies: these are strictly necessary for the use of the website and the provision of the contracted service.<\/li>\n<\/ul>\n\t\t\t\t\t\t\t\t<\/div>\n\t\t\t\t<\/div>\n\t\t\t\t<div class=\"elementor-element elementor-element-d9d334a elementor-widget elementor-widget-heading\" data-id=\"d9d334a\" data-element_type=\"widget\" data-e-type=\"widget\" data-widget_type=\"heading.default\">\n\t\t\t\t<div class=\"elementor-widget-container\">\n\t\t\t\t\t<h2 class=\"elementor-heading-title elementor-size-default\">COOKIES USED ON THIS WEBSITE<\/h2>\t\t\t\t<\/div>\n\t\t\t\t<\/div>\n\t\t\t\t<div class=\"elementor-element elementor-element-29c7b1b elementor-widget elementor-widget-text-editor\" data-id=\"29c7b1b\" data-element_type=\"widget\" data-e-type=\"widget\" data-widget_type=\"text-editor.default\">\n\t\t\t\t<div class=\"elementor-widget-container\">\n\t\t\t\t\t\t\t\t\t<p>Listar los nombres de las cookies, tipo, propietario, funci\u00f3n y vencimiento, por ejemplo:<\/p>\n<p>&#8211; PHPSESSID: cookie t\u00e9cnica y estrictamente necesaria que contiene el identificador de la sesi\u00f3n. Se elimina al cerrar el navegador.<br \/>\n&#8211; _lang: cookie t\u00e9cnica y estrictamente necesaria que contiene el idioma de la sesi\u00f3n. Se elimina al cerrar el navegador.<\/p>\n<p>&#8211; ac_cookies: cookie t\u00e9cnica y estrictamente necesaria que contiene el valor de si se ha aceptado la instalaci\u00f3n de cookies. Caduca en 1 a\u00f1o desde la \u00faltima actualizaci\u00f3n.<\/p>\n<p>&#8211; _ga: cookie de Google Analytics que habilita la funci\u00f3n de control de visitas \u00fanicas. La primera vez que un usuario entre en el sitio web a trav\u00e9s de un navegador se instalar\u00e1 esta cookie. Cuando este usuario vuelva a entrar en la web con el mismo navegador, la cookie considerar\u00e1 que es el mismo usuario. Solo en el caso de que el usuario cambie de navegador, se considerar\u00e1 otro usuario. Caduca a los 2 a\u00f1os desde la \u00faltima actualizaci\u00f3n.<\/p>\n<p>&#8211; _gat: Esta cookie se asocia con Google Analytics Universal. Se utiliza para limitar la velocidad de petici\u00f3n \u2013 la limitaci\u00f3n de la recogida de datos en los sitios de alto tr\u00e1fico. Caduca a los 10 minutos.<\/p>\n<p>&#8211; _utma: cookie de Google Analytics que registra la fecha de la primera y \u00faltima vez que el usuario visti\u00f3 el sitio web. Caduca a los 2 a\u00f1os desde la \u00faltima actualizaci\u00f3n.<\/p>\n<p>&#8211; _utmb: cookie de Google Analytics que registra la hora de llegada a la p\u00e1gina web. Caduca a los 30 minutos desde la \u00faltima actualizaci\u00f3n.<\/p>\n<p>&#8211; _utmc: cookie de Google Analytics utilizada para la interoperabilidad con el c\u00f3digo de seguimiento urchin.js. Se elimina al cerrar el navegador.<\/p>\n<p>&#8211; _utmt: cookie de Google Analytics. Esta cookie se utiliza para procesar el tipo de solicitud pedida por el usuario. Caduca al finalizar la sesi\u00f3n.<\/p>\n<p>&#8211; _utmv: cookie de Google Analytics. Esta cookie se utiliza para segmentar datos demogr\u00e1ficos. Caduca al finalizar la sesi\u00f3n.<\/p>\n<p>&#8211; _utmz: cookie de Google Analytics que almacena la fuente de tr\u00e1fico o una campa\u00f1a para explicar c\u00f3mo el usuario lleg\u00f3 al sitio web. Caduca a los 6 meses desde la \u00faltima actualizaci\u00f3n.<\/p>\n\t\t\t\t\t\t\t\t<\/div>\n\t\t\t\t<\/div>\n\t\t\t\t<div class=\"elementor-element elementor-element-03b45e5 elementor-widget elementor-widget-heading\" data-id=\"03b45e5\" data-element_type=\"widget\" data-e-type=\"widget\" data-widget_type=\"heading.default\">\n\t\t\t\t<div class=\"elementor-widget-container\">\n\t\t\t\t\t<h2 class=\"elementor-heading-title elementor-size-default\">HOW TO DELETE COOKIES FROM THE BROWSER<\/h2>\t\t\t\t<\/div>\n\t\t\t\t<\/div>\n\t\t\t\t<div class=\"elementor-element elementor-element-fb7f516 elementor-widget elementor-widget-text-editor\" data-id=\"fb7f516\" data-element_type=\"widget\" data-e-type=\"widget\" data-widget_type=\"text-editor.default\">\n\t\t\t\t<div class=\"elementor-widget-container\">\n\t\t\t\t\t\t\t\t\t<p><strong>Chrome<\/strong><br \/>\n1. Select the Tools icon.<br \/>\n2. Click \u201cSettings\u201d.<br \/>\n3. Click \u201cShow advanced options\u201d.<br \/>\n4. In the &#8220;Privacy&#8221; section, click \u201cContent settings\u201d.<br \/>\n\u2022 Delete cookies: Click on \u201cAll cookies and site data\u201d.<br \/>\n\u2022 Do not permit storage of cookies.<br \/>\n5. Click \u201cClear browsing data\u201d (empty cache).<br \/>\n6. Close and restart the browser.<br \/>\nFor more information about Chrome, click here:<br \/>\n<a href=\"http:\/\/support.google.com\/chrome\/answer\/95647?hl=en\">http:\/\/support.google.com\/chrome\/answer\/95647?hl=en<\/a><\/p>\n<p><strong>Internet Explorer. Version 11<\/strong><br \/>\n1. Select Tools | Internet Options.<br \/>\n2. Click the General tab.<br \/>\n3. In the &#8220;Browsing history&#8221; section, click \u201cDelete browsing history on exit\u201d.<br \/>\n4. Select \u201cRemove files\u201d.<br \/>\n5. Select \u201cRemove cookies\u201d.<br \/>\n6. Click \u201cRemove\u201d.<br \/>\n7. Click OK.<br \/>\n8. Close and restart the browser.<br \/>\nFor more information about Internet Explorer, click here:\u00a0https:\/\/support.microsoft.com\/en-us\/topic\/delete-and-manage-cookies-168dab11-0753-043d-7c16-ede5947fc64d<\/p>\n<p><strong>Firefox. Version 18<\/strong><br \/>\n1. Select Firefox | History | \u201cClear recent history\u201d.<br \/>\n2. Next to &#8220;Details\u201d, click the down arrow.<br \/>\n3. Select the following check boxes: Cookies, Cache, Active logins.<br \/>\n4. Using the &#8220;Time range to clear&#8221; in the drop-down menu, select \u201cEverything\u201d.<br \/>\n5. Click \u201cOk\u201d.<br \/>\n6. Close and restart the browser. You can accept or reject cookies individually in Firefox Preferences, in the History section available in Tools &gt; Options &gt; Privacy.<br \/>\nFor more information about Mozilla Firefox, click here:\u00a0<a href=\"https:\/\/www.mozilla.org\/en-US\/privacy\/websites\/#cookies\">https:\/\/www.mozilla.org\/en-US\/privacy\/websites\/#cookies<\/a><\/p>\n<p><strong>Safari Version 5.1\u00a0<\/strong><br \/>\n1. Select the Safari \/ Edit icon | Restore Safari.<br \/>\n2. Select the following check boxes: Clear history, Delete all website data.<br \/>\n3. Click Reset.<br \/>\n4. Close and restart the browser.<br \/>\nFor more information about Safari, click here:\u00a0https:\/\/support.apple.com\/en-gb\/guide\/safari\/sfri11471\/mac<\/p>\n<p><strong>Opera<\/strong><br \/>\nOptions &#8211; Advanced &#8211; Cookies.<br \/>\nThe cookie options control how Opera handles cookies and therefore their acceptance or rejection.<br \/>\nFor more information about Opera, click here:<a href=\"https:\/\/help.opera.com\/en\/latest\/web-preferences\/#cookies\">\u00a0https:\/\/help.opera.com\/en\/latest\/web-preferences\/#cookies<\/a><\/p>\n<p><strong>Other browsers<\/strong><br \/>\nConsult the documentation of the browser you have installed.<\/p>\n\t\t\t\t\t\t\t\t<\/div>\n\t\t\t\t<\/div>\n\t\t\t\t<div class=\"elementor-element elementor-element-c395887 elementor-widget elementor-widget-heading\" data-id=\"c395887\" data-element_type=\"widget\" data-e-type=\"widget\" data-widget_type=\"heading.default\">\n\t\t\t\t<div class=\"elementor-widget-container\">\n\t\t\t\t\t<h2 class=\"elementor-heading-title elementor-size-default\">REQUIREMENTS FOR CONSENT TO BE CONSIDERED VALID <\/h2>\t\t\t\t<\/div>\n\t\t\t\t<\/div>\n\t\t\t\t<div class=\"elementor-element elementor-element-1640edd elementor-widget elementor-widget-text-editor\" data-id=\"1640edd\" data-element_type=\"widget\" data-e-type=\"widget\" data-widget_type=\"text-editor.default\">\n\t\t\t\t<div class=\"elementor-widget-container\">\n\t\t\t\t\t\t\t\t\t<p>1. Specific information:\u00a0Consent must be specific and based on adequate information. Generic consent without specifying the exact purpose of its nature is not acceptable.<br \/>\n2. Timing:\u00a0Consent must be given before processing begins.<br \/>\n3. Active choice:\u00a0Consent must be unequivocal. It must be an active indication of the data subject&#8217;s wishes. It must leave no doubt as to the intention of the person concerned.<br \/>\n4. Freely granted:\u00a0Consent is only valid if the data subject is in a position to exercise a real choice and there is no risk of deception, intimidation, coercion or significant negative consequences if the data subject does not give consent.<\/p>\n\t\t\t\t\t\t\t\t<\/div>\n\t\t\t\t<\/div>\n\t\t\t\t<div class=\"elementor-element elementor-element-0324233 elementor-widget elementor-widget-heading\" data-id=\"0324233\" data-element_type=\"widget\" data-e-type=\"widget\" data-widget_type=\"heading.default\">\n\t\t\t\t<div class=\"elementor-widget-container\">\n\t\t\t\t\t<h2 class=\"elementor-heading-title elementor-size-default\">PROCEDURES FOR OBTAINING CONSENT<\/h2>\t\t\t\t<\/div>\n\t\t\t\t<\/div>\n\t\t\t\t<div class=\"elementor-element elementor-element-e816a4f elementor-widget elementor-widget-text-editor\" data-id=\"e816a4f\" data-element_type=\"widget\" data-e-type=\"widget\" data-widget_type=\"text-editor.default\">\n\t\t\t\t<div class=\"elementor-widget-container\">\n\t\t\t\t\t\t\t\t\t<p>1. When only technical cookies are used:\u00a0No consent is required; you will only be informed of the cookies installed in the Cookies Policy.<\/p>\n<p>2. When non-essential (non-technical) cookies are used:\u00a0It is mandatory to obtain consent through a clear and proactive action, as well as making it possible to withdraw consent and to inform about the cookies installed.<\/p>\n\t\t\t\t\t\t\t\t<\/div>\n\t\t\t\t<\/div>\n\t\t\t\t<div class=\"elementor-element elementor-element-445951c elementor-widget elementor-widget-heading\" data-id=\"445951c\" data-element_type=\"widget\" data-e-type=\"widget\" data-widget_type=\"heading.default\">\n\t\t\t\t<div class=\"elementor-widget-container\">\n\t\t\t\t\t<h2 class=\"elementor-heading-title elementor-size-default\">BANNER INFORMING OF THE USE OF NON-ESSENTIAL COOKIES<\/h2>\t\t\t\t<\/div>\n\t\t\t\t<\/div>\n\t\t\t\t<div class=\"elementor-element elementor-element-0da5f89 elementor-widget elementor-widget-text-editor\" data-id=\"0da5f89\" data-element_type=\"widget\" data-e-type=\"widget\" data-widget_type=\"text-editor.default\">\n\t\t\t\t<div class=\"elementor-widget-container\">\n\t\t\t\t\t\t\t\t\t<p>Non-essential cookies may be installed whenever there is a transparent message in the background, with no possibility of it disappearing until expressly accepted by the user and the following is reported:<br \/>\n&#8211; By continuing to browse the website you accept their use.<br \/>\n&#8211; The ownership, purpose and expiry date of the cookies installed.<br \/>\n&#8211; Link with access to the Cookies Policy used by the website with the possibility of withdrawing consent.<\/p>\n\t\t\t\t\t\t\t\t<\/div>\n\t\t\t\t<\/div>\n\t\t\t\t<div class=\"elementor-element elementor-element-617a867 elementor-widget elementor-widget-heading\" data-id=\"617a867\" data-element_type=\"widget\" data-e-type=\"widget\" data-widget_type=\"heading.default\">\n\t\t\t\t<div class=\"elementor-widget-container\">\n\t\t\t\t\t<h2 class=\"elementor-heading-title elementor-size-default\">TEXT FOR THE GOOGLE ANALYTICS COOKIE BANNER (_GA)<\/h2>\t\t\t\t<\/div>\n\t\t\t\t<\/div>\n\t\t\t\t<div class=\"elementor-element elementor-element-5fd0bd0 elementor-widget elementor-widget-text-editor\" data-id=\"5fd0bd0\" data-element_type=\"widget\" data-e-type=\"widget\" data-widget_type=\"text-editor.default\">\n\t\t\t\t<div class=\"elementor-widget-container\">\n\t\t\t\t\t\t\t\t\t<p>&#8220;This website uses _ga\/ cookies that are owned by Google Analytics, which last for two years, to enable the unique visitor tracking feature to make it easier for you to navigate the website. If you continue browsing, we consider that you agree to their use. You may withdraw your consent and obtain more information by consulting our Cookies Policy.\u201d<\/p>\n<p><strong>TO ACCEPT<\/strong><br \/>\n<strong>Banner actions:<\/strong><\/p>\n<p>&#8211; The banner must be visible until the user clicks ACCEPT.<br \/>\n&#8211; When the user clicks ACCEPT, the banner will disappear until the cookie expires.<br \/>\n&#8211; Access to the Cookies Policy section must be visible from any page of the website.<\/p>\n\t\t\t\t\t\t\t\t<\/div>\n\t\t\t\t<\/div>\n\t\t\t\t<div class=\"elementor-element elementor-element-22082bf elementor-widget elementor-widget-html\" data-id=\"22082bf\" data-element_type=\"widget\" data-e-type=\"widget\" data-widget_type=\"html.default\">\n\t\t\t\t<div class=\"elementor-widget-container\">\n\t\t\t\t\t<script id=\"CookieDeclaration\" src=\"https:\/\/consent.cookiebot.com\/ba4497cb-234e-4aea-9bcb-799e83c3244e\/cd.js\" type=\"text\/javascript\" async><\/script>\t\t\t\t<\/div>\n\t\t\t\t<\/div>\n\t\t\t\t\t<\/div>\n\t\t<\/div>\n\t\t\t\t\t<\/div>\n\t\t<\/section>\n\t\t\t\t\t<\/div>\n\t\t<\/div>\n\t\t\t\t\t<\/div>\n\t\t<\/section>\n\t\t\t\t<\/div>\n\t\t","protected":false},"excerpt":{"rendered":"<p>COOKIES POLICY INFORMATION ON COOKIES Owing t&#8230;<\/p>\n","protected":false},"author":1,"featured_media":0,"parent":0,"menu_order":0,"comment_status":"closed","ping_status":"closed","template":"elementor_header_footer","meta":{"footnotes":""},"class_list":["post-8795","page","type-page","status-publish","hentry"],"yoast_head":"<!-- This site is optimized with the Yoast SEO plugin v27.1.1 - https:\/\/yoast.com\/product\/yoast-seo-wordpress\/ -->\n<title>Cookies policy - Friselva<\/title>\n<meta name=\"robots\" content=\"index, follow, max-snippet:-1, max-image-preview:large, max-video-preview:-1\" \/>\n<link rel=\"canonical\" href=\"https:\/\/friselva.com\/zh-hant\/cookies\/\" \/>\n<meta property=\"og:locale\" content=\"zh_TW\" \/>\n<meta property=\"og:type\" content=\"article\" \/>\n<meta property=\"og:title\" content=\"Cookies policy - Friselva\" \/>\n<meta property=\"og:description\" content=\"COOKIES POLICY INFORMATION ON COOKIES Owing t...\" \/>\n<meta property=\"og:url\" content=\"https:\/\/friselva.com\/zh-hant\/cookies\/\" \/>\n<meta property=\"og:site_name\" content=\"Friselva\" \/>\n<meta property=\"article:publisher\" content=\"https:\/\/www.facebook.com\/p\/FRISELVA-SA-100057094944941\" \/>\n<meta property=\"article:modified_time\" content=\"2024-07-23T07:51:26+00:00\" \/>\n<meta name=\"twitter:card\" content=\"summary_large_image\" \/>\n<meta name=\"twitter:site\" content=\"@friselvasa\" \/>\n<meta name=\"twitter:label1\" content=\"\u9810\u4f30\u95b1\u8b80\u6642\u9593\" \/>\n\t<meta name=\"twitter:data1\" content=\"7 \u5206\u9418\" \/>\n<script type=\"application\/ld+json\" class=\"yoast-schema-graph\">{\"@context\":\"https:\/\/schema.org\",\"@graph\":[{\"@type\":\"WebPage\",\"@id\":\"https:\/\/friselva.com\/zh-hant\/cookies\/\",\"url\":\"https:\/\/friselva.com\/zh-hant\/cookies\/\",\"name\":\"Cookies policy - Friselva\",\"isPartOf\":{\"@id\":\"https:\/\/friselva.com\/zh-hant\/#website\"},\"datePublished\":\"2021-01-26T08:27:50+00:00\",\"dateModified\":\"2024-07-23T07:51:26+00:00\",\"breadcrumb\":{\"@id\":\"https:\/\/friselva.com\/zh-hant\/cookies\/#breadcrumb\"},\"inLanguage\":\"zh-TW\",\"potentialAction\":[{\"@type\":\"ReadAction\",\"target\":[\"https:\/\/friselva.com\/zh-hant\/cookies\/\"]}]},{\"@type\":\"BreadcrumbList\",\"@id\":\"https:\/\/friselva.com\/zh-hant\/cookies\/#breadcrumb\",\"itemListElement\":[{\"@type\":\"ListItem\",\"position\":1,\"name\":\"Portada\",\"item\":\"https:\/\/friselva.com\/zh-hant\/\"},{\"@type\":\"ListItem\",\"position\":2,\"name\":\"Cookies policy\"}]},{\"@type\":\"WebSite\",\"@id\":\"https:\/\/friselva.com\/zh-hant\/#website\",\"url\":\"https:\/\/friselva.com\/zh-hant\/\",\"name\":\"Friselva\",\"description\":\"Friselva, matadero y sala de despiece de cerdo y derivados\",\"potentialAction\":[{\"@type\":\"SearchAction\",\"target\":{\"@type\":\"EntryPoint\",\"urlTemplate\":\"https:\/\/friselva.com\/zh-hant\/?s={search_term_string}\"},\"query-input\":{\"@type\":\"PropertyValueSpecification\",\"valueRequired\":true,\"valueName\":\"search_term_string\"}}],\"inLanguage\":\"zh-TW\"}]}<\/script>\n<!-- \/ Yoast SEO plugin. -->","yoast_head_json":{"title":"Cookies policy - Friselva","robots":{"index":"index","follow":"follow","max-snippet":"max-snippet:-1","max-image-preview":"max-image-preview:large","max-video-preview":"max-video-preview:-1"},"canonical":"https:\/\/friselva.com\/zh-hant\/cookies\/","og_locale":"zh_TW","og_type":"article","og_title":"Cookies policy - Friselva","og_description":"COOKIES POLICY INFORMATION ON COOKIES Owing t...","og_url":"https:\/\/friselva.com\/zh-hant\/cookies\/","og_site_name":"Friselva","article_publisher":"https:\/\/www.facebook.com\/p\/FRISELVA-SA-100057094944941","article_modified_time":"2024-07-23T07:51:26+00:00","twitter_card":"summary_large_image","twitter_site":"@friselvasa","twitter_misc":{"\u9810\u4f30\u95b1\u8b80\u6642\u9593":"7 \u5206\u9418"},"schema":{"@context":"https:\/\/schema.org","@graph":[{"@type":"WebPage","@id":"https:\/\/friselva.com\/zh-hant\/cookies\/","url":"https:\/\/friselva.com\/zh-hant\/cookies\/","name":"Cookies policy - Friselva","isPartOf":{"@id":"https:\/\/friselva.com\/zh-hant\/#website"},"datePublished":"2021-01-26T08:27:50+00:00","dateModified":"2024-07-23T07:51:26+00:00","breadcrumb":{"@id":"https:\/\/friselva.com\/zh-hant\/cookies\/#breadcrumb"},"inLanguage":"zh-TW","potentialAction":[{"@type":"ReadAction","target":["https:\/\/friselva.com\/zh-hant\/cookies\/"]}]},{"@type":"BreadcrumbList","@id":"https:\/\/friselva.com\/zh-hant\/cookies\/#breadcrumb","itemListElement":[{"@type":"ListItem","position":1,"name":"Portada","item":"https:\/\/friselva.com\/zh-hant\/"},{"@type":"ListItem","position":2,"name":"Cookies policy"}]},{"@type":"WebSite","@id":"https:\/\/friselva.com\/zh-hant\/#website","url":"https:\/\/friselva.com\/zh-hant\/","name":"Friselva","description":"Friselva, matadero y sala de despiece de cerdo y derivados","potentialAction":[{"@type":"SearchAction","target":{"@type":"EntryPoint","urlTemplate":"https:\/\/friselva.com\/zh-hant\/?s={search_term_string}"},"query-input":{"@type":"PropertyValueSpecification","valueRequired":true,"valueName":"search_term_string"}}],"inLanguage":"zh-TW"}]}},"_links":{"self":[{"href":"https:\/\/friselva.com\/zh-hant\/wp-json\/wp\/v2\/pages\/8795","targetHints":{"allow":["GET"]}}],"collection":[{"href":"https:\/\/friselva.com\/zh-hant\/wp-json\/wp\/v2\/pages"}],"about":[{"href":"https:\/\/friselva.com\/zh-hant\/wp-json\/wp\/v2\/types\/page"}],"author":[{"embeddable":true,"href":"https:\/\/friselva.com\/zh-hant\/wp-json\/wp\/v2\/users\/1"}],"replies":[{"embeddable":true,"href":"https:\/\/friselva.com\/zh-hant\/wp-json\/wp\/v2\/comments?post=8795"}],"version-history":[{"count":6,"href":"https:\/\/friselva.com\/zh-hant\/wp-json\/wp\/v2\/pages\/8795\/revisions"}],"predecessor-version":[{"id":31288,"href":"https:\/\/friselva.com\/zh-hant\/wp-json\/wp\/v2\/pages\/8795\/revisions\/31288"}],"wp:attachment":[{"href":"https:\/\/friselva.com\/zh-hant\/wp-json\/wp\/v2\/media?parent=8795"}],"curies":[{"name":"wp","href":"https:\/\/api.w.org\/{rel}","templated":true}]}}