{"id":6114,"date":"2020-12-29T10:09:20","date_gmt":"2020-12-29T09:09:20","guid":{"rendered":"https:\/\/friselva.com\/tu-bienestar\/"},"modified":"2021-01-28T09:58:58","modified_gmt":"2021-01-28T08:58:58","slug":"tu-bienestar","status":"publish","type":"page","link":"https:\/\/friselva.com\/fr\/tu-bienestar\/","title":{"rendered":"Votre bien-\u00eatre"},"content":{"rendered":"\t\t<div data-elementor-type=\"wp-page\" data-elementor-id=\"6114\" class=\"elementor elementor-6114 elementor-296\" data-elementor-post-type=\"page\">\n\t\t\t\t\t\t<section class=\"elementor-section elementor-top-section elementor-element elementor-element-d786535 elementor-section-full_width elementor-section-height-min-height elementor-section-height-default elementor-section-items-middle parallax_section_no qode_elementor_container_no\" data-id=\"d786535\" data-element_type=\"section\" data-e-type=\"section\" data-settings=\"{&quot;background_background&quot;:&quot;classic&quot;,&quot;shape_divider_bottom&quot;:&quot;triangle&quot;,&quot;shape_divider_bottom_negative&quot;:&quot;yes&quot;}\">\n\t\t\t\t\t<div class=\"elementor-shape elementor-shape-bottom\" aria-hidden=\"true\" data-negative=\"true\">\n\t\t\t<svg xmlns=\"http:\/\/www.w3.org\/2000\/svg\" viewBox=\"0 0 1000 100\" preserveAspectRatio=\"none\">\n\t<path class=\"elementor-shape-fill\" d=\"M500.2,94.7L0,0v100h1000V0L500.2,94.7z\"\/>\n<\/svg>\t\t<\/div>\n\t\t\t\t\t<div class=\"elementor-container elementor-column-gap-no\">\n\t\t\t\t\t<div class=\"elementor-column elementor-col-100 elementor-top-column elementor-element elementor-element-a6a5bae\" data-id=\"a6a5bae\" data-element_type=\"column\" data-e-type=\"column\">\n\t\t\t<div class=\"elementor-widget-wrap elementor-element-populated\">\n\t\t\t\t\t\t<div class=\"elementor-element elementor-element-ef7cbd3 elementor-widget elementor-widget-heading\" data-id=\"ef7cbd3\" data-element_type=\"widget\" data-e-type=\"widget\" data-widget_type=\"heading.default\">\n\t\t\t\t<div class=\"elementor-widget-container\">\n\t\t\t\t\t<h1 class=\"elementor-heading-title elementor-size-default\">Votre bien-\u00eatre<\/h1>\t\t\t\t<\/div>\n\t\t\t\t<\/div>\n\t\t\t\t<div class=\"elementor-element elementor-element-64c1d05 elementor-widget-divider--view-line elementor-widget elementor-widget-divider\" data-id=\"64c1d05\" data-element_type=\"widget\" data-e-type=\"widget\" data-widget_type=\"divider.default\">\n\t\t\t\t<div class=\"elementor-widget-container\">\n\t\t\t\t\t\t\t<div class=\"elementor-divider\">\n\t\t\t<span class=\"elementor-divider-separator\">\n\t\t\t\t\t\t<\/span>\n\t\t<\/div>\n\t\t\t\t\t\t<\/div>\n\t\t\t\t<\/div>\n\t\t\t\t<div class=\"elementor-element elementor-element-4f00258 elementor-widget elementor-widget-heading\" data-id=\"4f00258\" data-element_type=\"widget\" data-e-type=\"widget\" data-widget_type=\"heading.default\">\n\t\t\t\t<div class=\"elementor-widget-container\">\n\t\t\t\t\t<p class=\"elementor-heading-title elementor-size-default\">Nous nous soucions de votre sant\u00e9 en<br \/>offrant des produits de qualit\u00e9 sup\u00e9rieure.<\/p>\t\t\t\t<\/div>\n\t\t\t\t<\/div>\n\t\t\t\t<div class=\"elementor-element elementor-element-55e812f elementor-widget elementor-widget-heading\" data-id=\"55e812f\" data-element_type=\"widget\" data-e-type=\"widget\" data-widget_type=\"heading.default\">\n\t\t\t\t<div class=\"elementor-widget-container\">\n\t\t\t\t\t<p class=\"elementor-heading-title elementor-size-default\">Retrouvez des recettes, des conseils et des informations int\u00e9ressantes.<\/p>\t\t\t\t<\/div>\n\t\t\t\t<\/div>\n\t\t\t\t\t<\/div>\n\t\t<\/div>\n\t\t\t\t\t<\/div>\n\t\t<\/section>\n\t\t\t\t<section class=\"elementor-section elementor-top-section elementor-element elementor-element-a629c71 elementor-section-full_width elementor-section-height-default elementor-section-height-default parallax_section_no qode_elementor_container_no\" data-id=\"a629c71\" data-element_type=\"section\" data-e-type=\"section\" data-settings=\"{&quot;background_background&quot;:&quot;classic&quot;}\">\n\t\t\t\t\t\t<div class=\"elementor-container elementor-column-gap-no\">\n\t\t\t\t\t<div class=\"elementor-column elementor-col-100 elementor-top-column elementor-element elementor-element-6847b60\" data-id=\"6847b60\" data-element_type=\"column\" data-e-type=\"column\">\n\t\t\t<div class=\"elementor-widget-wrap elementor-element-populated\">\n\t\t\t\t\t\t<section class=\"elementor-section elementor-inner-section elementor-element elementor-element-ac22a03 elementor-section-full_width elementor-section-height-default elementor-section-height-default parallax_section_no qode_elementor_container_no\" data-id=\"ac22a03\" data-element_type=\"section\" data-e-type=\"section\">\n\t\t\t\t\t\t<div class=\"elementor-container elementor-column-gap-wide\">\n\t\t\t\t\t<div class=\"make-column-clickable-elementor elementor-column elementor-col-33 elementor-inner-column elementor-element elementor-element-83801ff\" style=\"cursor: pointer;\" data-column-clickable=\"https:\/\/friselva.com\/recetas\/\" data-column-clickable-blank=\"_self\" data-id=\"83801ff\" data-element_type=\"column\" data-e-type=\"column\">\n\t\t\t<div class=\"elementor-widget-wrap elementor-element-populated\">\n\t\t\t\t\t\t<div class=\"elementor-element elementor-element-407e26e image-card elementor-widget elementor-widget-image\" data-id=\"407e26e\" data-element_type=\"widget\" data-e-type=\"widget\" data-widget_type=\"image.default\">\n\t\t\t\t<div class=\"elementor-widget-container\">\n\t\t\t\t\t\t\t\t\t\t\t\t\t\t\t<img decoding=\"async\" src=\"https:\/\/friselva.com\/wp-content\/uploads\/elementor\/thumbs\/Plat-1-qrbx7idce2sunq30wxi2gnaclxfrnb5pzmdtdrr4jc.png\" title=\"Plat\" alt=\"Tu bienestar - plato de  carne con comida saludable\" loading=\"lazy\" \/>\t\t\t\t\t\t\t\t\t\t\t\t\t\t\t<\/div>\n\t\t\t\t<\/div>\n\t\t\t\t<div class=\"elementor-element elementor-element-dc7d865 elementor-widget elementor-widget-heading\" data-id=\"dc7d865\" data-element_type=\"widget\" data-e-type=\"widget\" data-widget_type=\"heading.default\">\n\t\t\t\t<div class=\"elementor-widget-container\">\n\t\t\t\t\t<h3 class=\"elementor-heading-title elementor-size-default\">Recettes<\/h3>\t\t\t\t<\/div>\n\t\t\t\t<\/div>\n\t\t\t\t<div class=\"elementor-element elementor-element-94edcb7 elementor-widget elementor-widget-heading\" data-id=\"94edcb7\" data-element_type=\"widget\" data-e-type=\"widget\" data-widget_type=\"heading.default\">\n\t\t\t\t<div class=\"elementor-widget-container\">\n\t\t\t\t\t<h3 class=\"elementor-heading-title elementor-size-default\">Cuisinez et mangez sain<\/h3>\t\t\t\t<\/div>\n\t\t\t\t<\/div>\n\t\t\t\t<div class=\"elementor-element elementor-element-93a6b30 elementor-widget-divider--view-line elementor-widget elementor-widget-divider\" data-id=\"93a6b30\" data-element_type=\"widget\" data-e-type=\"widget\" data-widget_type=\"divider.default\">\n\t\t\t\t<div class=\"elementor-widget-container\">\n\t\t\t\t\t\t\t<div class=\"elementor-divider\">\n\t\t\t<span class=\"elementor-divider-separator\">\n\t\t\t\t\t\t<\/span>\n\t\t<\/div>\n\t\t\t\t\t\t<\/div>\n\t\t\t\t<\/div>\n\t\t\t\t<div class=\"elementor-element elementor-element-e322336 elementor-widget elementor-widget-heading\" data-id=\"e322336\" data-element_type=\"widget\" data-e-type=\"widget\" data-widget_type=\"heading.default\">\n\t\t\t\t<div class=\"elementor-widget-container\">\n\t\t\t\t\t<p class=\"elementor-heading-title elementor-size-default\">Nous avons s\u00e9lectionn\u00e9 un livre de recettes pour vous.<\/p>\t\t\t\t<\/div>\n\t\t\t\t<\/div>\n\t\t\t\t\t<\/div>\n\t\t<\/div>\n\t\t\t\t<div class=\"make-column-clickable-elementor elementor-column elementor-col-33 elementor-inner-column elementor-element elementor-element-66a180f\" style=\"cursor: pointer;\" data-column-clickable=\"https:\/\/friselva.com\/nutricion\/\" data-column-clickable-blank=\"_self\" data-id=\"66a180f\" data-element_type=\"column\" data-e-type=\"column\">\n\t\t\t<div class=\"elementor-widget-wrap elementor-element-populated\">\n\t\t\t\t\t\t<div class=\"elementor-element elementor-element-6b3201f image-card elementor-widget elementor-widget-image\" data-id=\"6b3201f\" data-element_type=\"widget\" data-e-type=\"widget\" data-widget_type=\"image.default\">\n\t\t\t\t<div class=\"elementor-widget-container\">\n\t\t\t\t\t\t\t\t\t\t\t\t\t\t\t<img decoding=\"async\" src=\"https:\/\/friselva.com\/wp-content\/uploads\/elementor\/thumbs\/vegetales-scaled-qrbx7zaft3g0gpeg64tcpj0nav4dhv0w1y4k0r21fc.jpg\" title=\"Votre bien-\u00eatre\" alt=\"Salud y Bienestar con Friselva. Detalle de ingredientes saludables.\" loading=\"lazy\" \/>\t\t\t\t\t\t\t\t\t\t\t\t\t\t\t<\/div>\n\t\t\t\t<\/div>\n\t\t\t\t<div class=\"elementor-element elementor-element-6763ae2 elementor-widget elementor-widget-heading\" data-id=\"6763ae2\" data-element_type=\"widget\" data-e-type=\"widget\" data-widget_type=\"heading.default\">\n\t\t\t\t<div class=\"elementor-widget-container\">\n\t\t\t\t\t<h3 class=\"elementor-heading-title elementor-size-default\">Nutrition<\/h3>\t\t\t\t<\/div>\n\t\t\t\t<\/div>\n\t\t\t\t<div class=\"elementor-element elementor-element-5dccc7b elementor-widget elementor-widget-heading\" data-id=\"5dccc7b\" data-element_type=\"widget\" data-e-type=\"widget\" data-widget_type=\"heading.default\">\n\t\t\t\t<div class=\"elementor-widget-container\">\n\t\t\t\t\t<h3 class=\"elementor-heading-title elementor-size-default\">Les bienfaits d\u2019une alimentation saine<\/h3>\t\t\t\t<\/div>\n\t\t\t\t<\/div>\n\t\t\t\t<div class=\"elementor-element elementor-element-d186bb8 elementor-widget-divider--view-line elementor-widget elementor-widget-divider\" data-id=\"d186bb8\" data-element_type=\"widget\" data-e-type=\"widget\" data-widget_type=\"divider.default\">\n\t\t\t\t<div class=\"elementor-widget-container\">\n\t\t\t\t\t\t\t<div class=\"elementor-divider\">\n\t\t\t<span class=\"elementor-divider-separator\">\n\t\t\t\t\t\t<\/span>\n\t\t<\/div>\n\t\t\t\t\t\t<\/div>\n\t\t\t\t<\/div>\n\t\t\t\t<div class=\"elementor-element elementor-element-7440a1e elementor-widget elementor-widget-heading\" data-id=\"7440a1e\" data-element_type=\"widget\" data-e-type=\"widget\" data-widget_type=\"heading.default\">\n\t\t\t\t<div class=\"elementor-widget-container\">\n\t\t\t\t\t<p class=\"elementor-heading-title elementor-size-default\">Suivez notre blog et prenez de bonnes habitudes<\/p>\t\t\t\t<\/div>\n\t\t\t\t<\/div>\n\t\t\t\t\t<\/div>\n\t\t<\/div>\n\t\t\t\t<div class=\"make-column-clickable-elementor elementor-column elementor-col-33 elementor-inner-column elementor-element elementor-element-6116ec0\" style=\"cursor: pointer;\" data-column-clickable=\"https:\/\/friselva.com\/salud\/\" data-column-clickable-blank=\"_self\" data-id=\"6116ec0\" data-element_type=\"column\" data-e-type=\"column\">\n\t\t\t<div class=\"elementor-widget-wrap elementor-element-populated\">\n\t\t\t\t\t\t<div class=\"elementor-element elementor-element-30e985c image-card elementor-widget elementor-widget-image\" data-id=\"30e985c\" data-element_type=\"widget\" data-e-type=\"widget\" data-widget_type=\"image.default\">\n\t\t\t\t<div class=\"elementor-widget-container\">\n\t\t\t\t\t\t\t\t\t\t\t\t\t\t\t<img decoding=\"async\" src=\"https:\/\/friselva.com\/wp-content\/uploads\/elementor\/thumbs\/ISS_17053_03055-scaled-qrbx6p8ci7oynt9cn2wmtcn26zfe0oy1jm5ri6ybw8.jpg\" title=\"Cropped shot of young women runner tightening running shoe laces\" alt=\"Tu bienestar - Salud - Imagen para art\u00edculo de h\u00e1bitos saludables: corredor at\u00e1ndose los zapatos\" loading=\"lazy\" \/>\t\t\t\t\t\t\t\t\t\t\t\t\t\t\t<\/div>\n\t\t\t\t<\/div>\n\t\t\t\t<div class=\"elementor-element elementor-element-b4e5c9b elementor-widget elementor-widget-heading\" data-id=\"b4e5c9b\" data-element_type=\"widget\" data-e-type=\"widget\" data-widget_type=\"heading.default\">\n\t\t\t\t<div class=\"elementor-widget-container\">\n\t\t\t\t\t<h3 class=\"elementor-heading-title elementor-size-default\">Sant\u00e9<\/h3>\t\t\t\t<\/div>\n\t\t\t\t<\/div>\n\t\t\t\t<div class=\"elementor-element elementor-element-85a5892 elementor-widget elementor-widget-heading\" data-id=\"85a5892\" data-element_type=\"widget\" data-e-type=\"widget\" data-widget_type=\"heading.default\">\n\t\t\t\t<div class=\"elementor-widget-container\">\n\t\t\t\t\t<h3 class=\"elementor-heading-title elementor-size-default\">Vivez en prenant<br \/>soin de vous<\/h3>\t\t\t\t<\/div>\n\t\t\t\t<\/div>\n\t\t\t\t<div class=\"elementor-element elementor-element-0f28cbb elementor-widget-divider--view-line elementor-widget elementor-widget-divider\" data-id=\"0f28cbb\" data-element_type=\"widget\" data-e-type=\"widget\" data-widget_type=\"divider.default\">\n\t\t\t\t<div class=\"elementor-widget-container\">\n\t\t\t\t\t\t\t<div class=\"elementor-divider\">\n\t\t\t<span class=\"elementor-divider-separator\">\n\t\t\t\t\t\t<\/span>\n\t\t<\/div>\n\t\t\t\t\t\t<\/div>\n\t\t\t\t<\/div>\n\t\t\t\t<div class=\"elementor-element elementor-element-6ca6a3c elementor-widget elementor-widget-heading\" data-id=\"6ca6a3c\" data-element_type=\"widget\" data-e-type=\"widget\" data-widget_type=\"heading.default\">\n\t\t\t\t<div class=\"elementor-widget-container\">\n\t\t\t\t\t<p class=\"elementor-heading-title elementor-size-default\">Cela permet d\u2019am\u00e9liorer la condition physique, morale et sociale<\/p>\t\t\t\t<\/div>\n\t\t\t\t<\/div>\n\t\t\t\t\t<\/div>\n\t\t<\/div>\n\t\t\t\t\t<\/div>\n\t\t<\/section>\n\t\t\t\t\t<\/div>\n\t\t<\/div>\n\t\t\t\t\t<\/div>\n\t\t<\/section>\n\t\t\t\t<\/div>\n\t\t","protected":false},"excerpt":{"rendered":"<p>Votre bien-\u00eatre Nous nous soucions de votre sant\u00e9 enoffrant des produits de qualit\u00e9 sup\u00e9rieure. Retrouvez des recettes, des conseils et des informations int\u00e9ressantes. Recettes Cuisinez et mangez sain Nous avons s\u00e9lectionn\u00e9 un livre de recettes pour vous. Nutrition Les bienfaits d\u2019une alimentation saine Suivez notre&#8230;<\/p>\n","protected":false},"author":1,"featured_media":0,"parent":0,"menu_order":0,"comment_status":"closed","ping_status":"closed","template":"elementor_header_footer","meta":{"footnotes":""},"class_list":["post-6114","page","type-page","status-publish","hentry"],"yoast_head":"<!-- This site is optimized with the Yoast SEO plugin v27.1.1 - https:\/\/yoast.com\/product\/yoast-seo-wordpress\/ -->\n<title>Votre bien-\u00eatre - Friselva<\/title>\n<meta name=\"robots\" content=\"index, follow, max-snippet:-1, max-image-preview:large, max-video-preview:-1\" \/>\n<link rel=\"canonical\" href=\"https:\/\/friselva.com\/fr\/tu-bienestar\/\" \/>\n<meta property=\"og:locale\" content=\"fr_FR\" \/>\n<meta property=\"og:type\" content=\"article\" \/>\n<meta property=\"og:title\" content=\"Votre bien-\u00eatre - Friselva\" \/>\n<meta property=\"og:description\" content=\"Votre bien-\u00eatre Nous nous soucions de votre sant\u00e9 enoffrant des produits de qualit\u00e9 sup\u00e9rieure. Retrouvez des recettes, des conseils et des informations int\u00e9ressantes. Recettes Cuisinez et mangez sain Nous avons s\u00e9lectionn\u00e9 un livre de recettes pour vous. Nutrition Les bienfaits d\u2019une alimentation saine Suivez notre...\" \/>\n<meta property=\"og:url\" content=\"https:\/\/friselva.com\/fr\/tu-bienestar\/\" \/>\n<meta property=\"og:site_name\" content=\"Friselva\" \/>\n<meta property=\"article:publisher\" content=\"https:\/\/www.facebook.com\/p\/FRISELVA-SA-100057094944941\" \/>\n<meta property=\"article:modified_time\" content=\"2021-01-28T08:58:58+00:00\" \/>\n<meta property=\"og:image\" content=\"https:\/\/friselva.com\/wp-content\/uploads\/elementor\/thumbs\/Plat-1-ozj0sndjjvh7al9y25tmxfl7h99dzdjkcf6ni1dgoo.png\" \/>\n<meta name=\"twitter:card\" content=\"summary_large_image\" \/>\n<meta name=\"twitter:site\" content=\"@friselvasa\" \/>\n<script type=\"application\/ld+json\" class=\"yoast-schema-graph\">{\"@context\":\"https:\/\/schema.org\",\"@graph\":[{\"@type\":\"WebPage\",\"@id\":\"https:\/\/friselva.com\/fr\/tu-bienestar\/\",\"url\":\"https:\/\/friselva.com\/fr\/tu-bienestar\/\",\"name\":\"Votre bien-\u00eatre - Friselva\",\"isPartOf\":{\"@id\":\"https:\/\/friselva.com\/fr\/#website\"},\"primaryImageOfPage\":{\"@id\":\"https:\/\/friselva.com\/fr\/tu-bienestar\/#primaryimage\"},\"image\":{\"@id\":\"https:\/\/friselva.com\/fr\/tu-bienestar\/#primaryimage\"},\"thumbnailUrl\":\"https:\/\/friselva.com\/wp-content\/uploads\/elementor\/thumbs\/Plat-1-ozj0sndjjvh7al9y25tmxfl7h99dzdjkcf6ni1dgoo.png\",\"datePublished\":\"2020-12-29T09:09:20+00:00\",\"dateModified\":\"2021-01-28T08:58:58+00:00\",\"breadcrumb\":{\"@id\":\"https:\/\/friselva.com\/fr\/tu-bienestar\/#breadcrumb\"},\"inLanguage\":\"fr-FR\",\"potentialAction\":[{\"@type\":\"ReadAction\",\"target\":[\"https:\/\/friselva.com\/fr\/tu-bienestar\/\"]}]},{\"@type\":\"ImageObject\",\"inLanguage\":\"fr-FR\",\"@id\":\"https:\/\/friselva.com\/fr\/tu-bienestar\/#primaryimage\",\"url\":\"https:\/\/friselva.com\/wp-content\/uploads\/elementor\/thumbs\/Plat-1-ozj0sndjjvh7al9y25tmxfl7h99dzdjkcf6ni1dgoo.png\",\"contentUrl\":\"https:\/\/friselva.com\/wp-content\/uploads\/elementor\/thumbs\/Plat-1-ozj0sndjjvh7al9y25tmxfl7h99dzdjkcf6ni1dgoo.png\"},{\"@type\":\"BreadcrumbList\",\"@id\":\"https:\/\/friselva.com\/fr\/tu-bienestar\/#breadcrumb\",\"itemListElement\":[{\"@type\":\"ListItem\",\"position\":1,\"name\":\"Portada\",\"item\":\"https:\/\/friselva.com\/fr\/\"},{\"@type\":\"ListItem\",\"position\":2,\"name\":\"Votre bien-\u00eatre\"}]},{\"@type\":\"WebSite\",\"@id\":\"https:\/\/friselva.com\/fr\/#website\",\"url\":\"https:\/\/friselva.com\/fr\/\",\"name\":\"Friselva\",\"description\":\"Friselva, matadero y sala de despiece de cerdo y derivados\",\"potentialAction\":[{\"@type\":\"SearchAction\",\"target\":{\"@type\":\"EntryPoint\",\"urlTemplate\":\"https:\/\/friselva.com\/fr\/?s={search_term_string}\"},\"query-input\":{\"@type\":\"PropertyValueSpecification\",\"valueRequired\":true,\"valueName\":\"search_term_string\"}}],\"inLanguage\":\"fr-FR\"}]}<\/script>\n<!-- \/ Yoast SEO plugin. -->","yoast_head_json":{"title":"Votre bien-\u00eatre - Friselva","robots":{"index":"index","follow":"follow","max-snippet":"max-snippet:-1","max-image-preview":"max-image-preview:large","max-video-preview":"max-video-preview:-1"},"canonical":"https:\/\/friselva.com\/fr\/tu-bienestar\/","og_locale":"fr_FR","og_type":"article","og_title":"Votre bien-\u00eatre - Friselva","og_description":"Votre bien-\u00eatre Nous nous soucions de votre sant\u00e9 enoffrant des produits de qualit\u00e9 sup\u00e9rieure. Retrouvez des recettes, des conseils et des informations int\u00e9ressantes. Recettes Cuisinez et mangez sain Nous avons s\u00e9lectionn\u00e9 un livre de recettes pour vous. Nutrition Les bienfaits d\u2019une alimentation saine Suivez notre...","og_url":"https:\/\/friselva.com\/fr\/tu-bienestar\/","og_site_name":"Friselva","article_publisher":"https:\/\/www.facebook.com\/p\/FRISELVA-SA-100057094944941","article_modified_time":"2021-01-28T08:58:58+00:00","og_image":[{"url":"https:\/\/friselva.com\/wp-content\/uploads\/elementor\/thumbs\/Plat-1-ozj0sndjjvh7al9y25tmxfl7h99dzdjkcf6ni1dgoo.png","type":"","width":"","height":""}],"twitter_card":"summary_large_image","twitter_site":"@friselvasa","schema":{"@context":"https:\/\/schema.org","@graph":[{"@type":"WebPage","@id":"https:\/\/friselva.com\/fr\/tu-bienestar\/","url":"https:\/\/friselva.com\/fr\/tu-bienestar\/","name":"Votre bien-\u00eatre - Friselva","isPartOf":{"@id":"https:\/\/friselva.com\/fr\/#website"},"primaryImageOfPage":{"@id":"https:\/\/friselva.com\/fr\/tu-bienestar\/#primaryimage"},"image":{"@id":"https:\/\/friselva.com\/fr\/tu-bienestar\/#primaryimage"},"thumbnailUrl":"https:\/\/friselva.com\/wp-content\/uploads\/elementor\/thumbs\/Plat-1-ozj0sndjjvh7al9y25tmxfl7h99dzdjkcf6ni1dgoo.png","datePublished":"2020-12-29T09:09:20+00:00","dateModified":"2021-01-28T08:58:58+00:00","breadcrumb":{"@id":"https:\/\/friselva.com\/fr\/tu-bienestar\/#breadcrumb"},"inLanguage":"fr-FR","potentialAction":[{"@type":"ReadAction","target":["https:\/\/friselva.com\/fr\/tu-bienestar\/"]}]},{"@type":"ImageObject","inLanguage":"fr-FR","@id":"https:\/\/friselva.com\/fr\/tu-bienestar\/#primaryimage","url":"https:\/\/friselva.com\/wp-content\/uploads\/elementor\/thumbs\/Plat-1-ozj0sndjjvh7al9y25tmxfl7h99dzdjkcf6ni1dgoo.png","contentUrl":"https:\/\/friselva.com\/wp-content\/uploads\/elementor\/thumbs\/Plat-1-ozj0sndjjvh7al9y25tmxfl7h99dzdjkcf6ni1dgoo.png"},{"@type":"BreadcrumbList","@id":"https:\/\/friselva.com\/fr\/tu-bienestar\/#breadcrumb","itemListElement":[{"@type":"ListItem","position":1,"name":"Portada","item":"https:\/\/friselva.com\/fr\/"},{"@type":"ListItem","position":2,"name":"Votre bien-\u00eatre"}]},{"@type":"WebSite","@id":"https:\/\/friselva.com\/fr\/#website","url":"https:\/\/friselva.com\/fr\/","name":"Friselva","description":"Friselva, matadero y sala de despiece de cerdo y derivados","potentialAction":[{"@type":"SearchAction","target":{"@type":"EntryPoint","urlTemplate":"https:\/\/friselva.com\/fr\/?s={search_term_string}"},"query-input":{"@type":"PropertyValueSpecification","valueRequired":true,"valueName":"search_term_string"}}],"inLanguage":"fr-FR"}]}},"_links":{"self":[{"href":"https:\/\/friselva.com\/fr\/wp-json\/wp\/v2\/pages\/6114","targetHints":{"allow":["GET"]}}],"collection":[{"href":"https:\/\/friselva.com\/fr\/wp-json\/wp\/v2\/pages"}],"about":[{"href":"https:\/\/friselva.com\/fr\/wp-json\/wp\/v2\/types\/page"}],"author":[{"embeddable":true,"href":"https:\/\/friselva.com\/fr\/wp-json\/wp\/v2\/users\/1"}],"replies":[{"embeddable":true,"href":"https:\/\/friselva.com\/fr\/wp-json\/wp\/v2\/comments?post=6114"}],"version-history":[{"count":3,"href":"https:\/\/friselva.com\/fr\/wp-json\/wp\/v2\/pages\/6114\/revisions"}],"predecessor-version":[{"id":8944,"href":"https:\/\/friselva.com\/fr\/wp-json\/wp\/v2\/pages\/6114\/revisions\/8944"}],"wp:attachment":[{"href":"https:\/\/friselva.com\/fr\/wp-json\/wp\/v2\/media?parent=6114"}],"curies":[{"name":"wp","href":"https:\/\/api.w.org\/{rel}","templated":true}]}}