{"id":6048,"date":"2020-12-29T09:04:35","date_gmt":"2020-12-29T08:04:35","guid":{"rendered":"https:\/\/friselva.com\/nutrition\/"},"modified":"2021-01-26T15:03:31","modified_gmt":"2021-01-26T14:03:31","slug":"nutrition","status":"publish","type":"page","link":"https:\/\/friselva.com\/fr\/nutrition\/","title":{"rendered":"Nutrition"},"content":{"rendered":"\t\t<div data-elementor-type=\"wp-page\" data-elementor-id=\"6048\" class=\"elementor elementor-6048 elementor-3711\" data-elementor-post-type=\"page\">\n\t\t\t\t\t\t<section class=\"elementor-section elementor-top-section elementor-element elementor-element-0e1e8ef elementor-section-full_width elementor-section-height-default elementor-section-height-default parallax_section_no qode_elementor_container_no\" data-id=\"0e1e8ef\" data-element_type=\"section\" data-e-type=\"section\">\n\t\t\t\t\t\t<div class=\"elementor-container elementor-column-gap-no\">\n\t\t\t\t\t<div class=\"elementor-column elementor-col-50 elementor-top-column elementor-element elementor-element-be2c533\" data-id=\"be2c533\" data-element_type=\"column\" data-e-type=\"column\" data-settings=\"{&quot;background_background&quot;:&quot;classic&quot;}\">\n\t\t\t<div class=\"elementor-widget-wrap\">\n\t\t\t\t\t\t\t<\/div>\n\t\t<\/div>\n\t\t\t\t<div class=\"elementor-column elementor-col-50 elementor-top-column elementor-element elementor-element-7c42cf8 nutricionaltura\" data-id=\"7c42cf8\" data-element_type=\"column\" data-e-type=\"column\" data-settings=\"{&quot;background_background&quot;:&quot;classic&quot;}\">\n\t\t\t<div class=\"elementor-widget-wrap\">\n\t\t\t\t\t\t\t<\/div>\n\t\t<\/div>\n\t\t\t\t\t<\/div>\n\t\t<\/section>\n\t\t\t\t<section class=\"elementor-section elementor-top-section elementor-element elementor-element-5a01041 elementor-section-full_width primeranutricion elementor-section-height-default elementor-section-height-default parallax_section_no qode_elementor_container_no\" data-id=\"5a01041\" data-element_type=\"section\" data-e-type=\"section\" data-settings=\"{&quot;background_background&quot;:&quot;classic&quot;}\">\n\t\t\t\t\t\t<div class=\"elementor-container elementor-column-gap-no\">\n\t\t\t\t\t<div class=\"elementor-column elementor-col-100 elementor-top-column elementor-element elementor-element-b1df441\" data-id=\"b1df441\" data-element_type=\"column\" data-e-type=\"column\" data-settings=\"{&quot;background_background&quot;:&quot;classic&quot;}\">\n\t\t\t<div class=\"elementor-widget-wrap elementor-element-populated\">\n\t\t\t\t\t\t<div class=\"elementor-element elementor-element-ed02d06 elementor-widget elementor-widget-heading\" data-id=\"ed02d06\" data-element_type=\"widget\" data-e-type=\"widget\" data-widget_type=\"heading.default\">\n\t\t\t\t<div class=\"elementor-widget-container\">\n\t\t\t\t\t<h3 class=\"elementor-heading-title elementor-size-default\">LES 5 BIENFAITS DU R\u00c9GIME M\u00c9DITERRAN\u00c9EN<\/h3>\t\t\t\t<\/div>\n\t\t\t\t<\/div>\n\t\t\t\t<div class=\"elementor-element elementor-element-dfcd1e3 elementor-widget elementor-widget-text-editor\" data-id=\"dfcd1e3\" data-element_type=\"widget\" data-e-type=\"widget\" data-widget_type=\"text-editor.default\">\n\t\t\t\t<div class=\"elementor-widget-container\">\n\t\t\t\t\t\t\t\t\t<p>Le r\u00e9gime m\u00e9diterran\u00e9en est un h\u00e9ritage culturel pr\u00e9cieux qui repr\u00e9sente bien plus qu\u2019un simple mod\u00e8le nutritionnel, riche et sain. C\u2019est un mode de vie \u00e9quilibr\u00e9 qui repose sur des recettes, des fa\u00e7ons de cuisiner, des coutumes, des produits typiques et diverses activit\u00e9s humaines.<\/p>\n\t\t\t\t\t\t\t\t<\/div>\n\t\t\t\t<\/div>\n\t\t\t\t<div class=\"elementor-element elementor-element-9bb8899 elementor-widget elementor-widget-heading\" data-id=\"9bb8899\" data-element_type=\"widget\" data-e-type=\"widget\" data-widget_type=\"heading.default\">\n\t\t\t\t<div class=\"elementor-widget-container\">\n\t\t\t\t\t<p class=\"elementor-heading-title elementor-size-default\"><a href=\"https:\/\/friselva.com\/zh-hant\/bienestar-nutricion\/%e5%9c%b0%e4%b8%ad%e6%b5%b7%e5%bc%8f%e9%a5%ae%e9%a3%9f%e7%9a%845%e4%b8%aa%e4%bc%98%e7%82%b9\/\">+<\/a><\/p>\t\t\t\t<\/div>\n\t\t\t\t<\/div>\n\t\t\t\t\t<\/div>\n\t\t<\/div>\n\t\t\t\t\t<\/div>\n\t\t<\/section>\n\t\t\t\t<section class=\"elementor-section elementor-top-section elementor-element elementor-element-a92b030 elementor-section-boxed elementor-section-height-default elementor-section-height-default parallax_section_no qode_elementor_container_no\" data-id=\"a92b030\" data-element_type=\"section\" data-e-type=\"section\" data-settings=\"{&quot;background_background&quot;:&quot;classic&quot;}\">\n\t\t\t\t\t\t<div class=\"elementor-container elementor-column-gap-default\">\n\t\t\t\t\t<div class=\"elementor-column elementor-col-100 elementor-top-column elementor-element elementor-element-91c9a9d\" data-id=\"91c9a9d\" data-element_type=\"column\" data-e-type=\"column\">\n\t\t\t<div class=\"elementor-widget-wrap elementor-element-populated\">\n\t\t\t\t\t\t<div class=\"elementor-element elementor-element-589d829 amagarprimeraentrada elementor-widget elementor-widget-text-editor\" data-id=\"589d829\" data-element_type=\"widget\" data-e-type=\"widget\" data-widget_type=\"text-editor.default\">\n\t\t\t\t<div class=\"elementor-widget-container\">\n\t\t\t\t\t\t\t\t\t<p><form autocomplete=\"off\" name=\"wpv-filter-3768\" action=\"\/fr\/wp-json\/wp\/v2\/pages\/6048?wpv_view_count=3768\" method=\"get\" class=\"wpv-filter-form js-wpv-filter-form js-wpv-filter-form-3768 js-wpv-form-full\" data-viewnumber=\"3768\" data-viewid=\"3768\" data-viewhash=\"eyJuYW1lIjoicG9zdC1udXRyaWNpb24ifQ==\" data-viewwidgetid=\"0\" data-orderby=\"\" data-order=\"\" data-orderbyas=\"\" data-orderbysecond=\"\" data-ordersecond=\"\" data-parametric=\"{&quot;query&quot;:&quot;normal&quot;,&quot;id&quot;:3768,&quot;view_id&quot;:3768,&quot;widget_id&quot;:0,&quot;view_hash&quot;:&quot;3768&quot;,&quot;action&quot;:&quot;\\\/fr\\\/wp-json\\\/wp\\\/v2\\\/pages\\\/6048?wpv_view_count=3768&quot;,&quot;sort&quot;:{&quot;orderby&quot;:&quot;&quot;,&quot;order&quot;:&quot;&quot;,&quot;orderby_as&quot;:&quot;&quot;,&quot;orderby_second&quot;:&quot;&quot;,&quot;order_second&quot;:&quot;&quot;},&quot;orderby&quot;:&quot;&quot;,&quot;order&quot;:&quot;&quot;,&quot;orderby_as&quot;:&quot;&quot;,&quot;orderby_second&quot;:&quot;&quot;,&quot;order_second&quot;:&quot;&quot;,&quot;ajax_form&quot;:&quot;&quot;,&quot;ajax_results&quot;:&quot;&quot;,&quot;effect&quot;:&quot;fade&quot;,&quot;prebefore&quot;:&quot;&quot;,&quot;before&quot;:&quot;&quot;,&quot;after&quot;:&quot;&quot;,&quot;attributes&quot;:[],&quot;environment&quot;:{&quot;current_post_id&quot;:6048,&quot;parent_post_id&quot;:6048,&quot;parent_term_id&quot;:0,&quot;parent_user_id&quot;:0,&quot;archive&quot;:{&quot;type&quot;:&quot;&quot;,&quot;name&quot;:&quot;&quot;,&quot;data&quot;:[]}},&quot;loop&quot;:{&quot;type&quot;:&quot;&quot;,&quot;name&quot;:&quot;&quot;,&quot;data&quot;:[],&quot;id&quot;:0}}\" data-attributes=\"[]\" data-environment=\"{&quot;current_post_id&quot;:6048,&quot;parent_post_id&quot;:6048,&quot;parent_term_id&quot;:0,&quot;parent_user_id&quot;:0,&quot;archive&quot;:{&quot;type&quot;:&quot;&quot;,&quot;name&quot;:&quot;&quot;,&quot;data&quot;:[]}}\"><input type=\"hidden\" class=\"js-wpv-dps-filter-data js-wpv-filter-data-for-this-form\" data-action=\"\/fr\/wp-json\/wp\/v2\/pages\/6048?wpv_view_count=3768\" data-page=\"1\" data-ajax=\"disable\" data-effect=\"fade\" data-maxpages=\"1\" data-ajaxprebefore=\"\" data-ajaxbefore=\"\" data-ajaxafter=\"\" \/><input class=\"wpv_view_count wpv_view_count-3768\" type=\"hidden\" name=\"wpv_view_count\" value=\"3768\" \/>\n\n<\/form>\n<div id=\"wpv-view-layout-3768\" class=\"js-wpv-view-layout js-wpv-layout-responsive js-wpv-view-layout-3768 wpv-pagination js-wpv-layout-has-pagination js-wpv-layout-infinite-scrolling wpv-pagination-preload-images js-wpv-layout-preload-images wpv-pagination-preload-pages js-wpv-layout-preload-pages\" style=\"visibility:hidden;\" data-viewnumber=\"3768\" data-pagination=\"{&quot;id&quot;:3768,&quot;query&quot;:&quot;normal&quot;,&quot;type&quot;:&quot;ajaxed&quot;,&quot;effect&quot;:&quot;infinite&quot;,&quot;duration&quot;:500,&quot;speed&quot;:5,&quot;pause_on_hover&quot;:&quot;disabled&quot;,&quot;stop_rollover&quot;:&quot;false&quot;,&quot;cache_pages&quot;:&quot;enabled&quot;,&quot;preload_images&quot;:&quot;enabled&quot;,&quot;preload_pages&quot;:&quot;enabled&quot;,&quot;preload_reach&quot;:1,&quot;spinner&quot;:&quot;builtin&quot;,&quot;spinner_image&quot;:&quot;&quot;,&quot;callback_next&quot;:&quot;&quot;,&quot;manage_history&quot;:&quot;enabled&quot;,&quot;has_controls_in_form&quot;:&quot;disabled&quot;,&quot;infinite_tolerance&quot;:-9999,&quot;max_pages&quot;:1,&quot;page&quot;:1,&quot;base_permalink&quot;:&quot;\/fr\/wp-json\/wp\/v2\/pages\/6048?wpv_view_count=3768&amp;wpv_paged=WPV_PAGE_NUM&quot;,&quot;loop&quot;:{&quot;type&quot;:&quot;&quot;,&quot;name&quot;:&quot;&quot;,&quot;data&quot;:[],&quot;id&quot;:0}}\" data-permalink=\"\/fr\/wp-json\/wp\/v2\/pages\/6048?wpv_view_count=3768\">\n\n\t\n\t\n\t<!-- WPV_Infinite_Scroll --><!-- WPV_Infinite_Scroll_Insert -->\n\t\t\n\t\t<div class=\"row \">\n\t\t\t<div class=\"col-md-4 col-12\"><a href=\"https:\/\/friselva.com\/fr\/bienestar-nutricion\/les-5-bienfaits-du-regime-mediterraneen\/\" rel=\"noreferrer noopener\" class=\"linkreceptes\">\n<img decoding=\"async\" src=\"https:\/\/friselva.com\/wp-content\/uploads\/2020\/12\/vegetales-wpcf_570x570.jpg\" class=\"attachment-portfolio-square aligncenter\" \/>\n<p class=\"titolfiltrenutricio\">LES 5 BIENFAITS DU R\u00c9GIME M\u00c9DITERRAN\u00c9EN<\/p>\n<p class=\"textfiltrenutricio\">Le r\u00e9gime m\u00e9diterran\u00e9en est un h\u00e9ritage culturel pr\u00e9cieux qui repr\u00e9sente bien plus qu\u2019un simple mod\u00e8le nutritionnel, riche et sain. C\u2019est un mode de vie \u00e9quilibr\u00e9 qui repose sur des recettes, des fa\u00e7ons de cuisiner, des coutumes, des produits typiques et diverses activit\u00e9s humaines.<\/p>\n<p class=\"botosumanutricio\">+<\/p>\n<\/a><\/div>\n\t\t\n\t\t\t<div class=\"col-md-4\"><\/div>\n\t\t\n\t\t\t<div class=\"col-md-4\"><\/div>\n\t\t<\/div>\n\t<!-- WPV_Infinite_Scroll -->\n\t\n\t\n<div class=\"masrecetas\"><span class=\"wpv-filter-next-link page-link\">M\u00e1s art\u00edculos<\/span><\/div>\n\t\n<\/div>\n<\/p>\n\t\t\t\t\t\t\t\t<\/div>\n\t\t\t\t<\/div>\n\t\t\t\t\t<\/div>\n\t\t<\/div>\n\t\t\t\t\t<\/div>\n\t\t<\/section>\n\t\t\t\t<\/div>\n\t\t","protected":false},"excerpt":{"rendered":"<p>LES 5 BIENFAITS DU R\u00c9GIME M\u00c9DITERRAN\u00c9EN Le r\u00e9gime m\u00e9diterran\u00e9en est un h\u00e9ritage culturel pr\u00e9cieux qui repr\u00e9sente bien plus qu\u2019un simple mod\u00e8le nutritionnel, riche et sain. C\u2019est un mode de vie \u00e9quilibr\u00e9 qui repose sur des recettes, des fa\u00e7ons de cuisiner, des coutumes, des produits typiques&#8230;<\/p>\n","protected":false},"author":1,"featured_media":0,"parent":0,"menu_order":0,"comment_status":"closed","ping_status":"closed","template":"elementor_header_footer","meta":{"footnotes":""},"class_list":["post-6048","page","type-page","status-publish","hentry"],"yoast_head":"<!-- This site is optimized with the Yoast SEO plugin v27.1.1 - https:\/\/yoast.com\/product\/yoast-seo-wordpress\/ -->\n<title>Nutrition Friselva: Des articles pour am\u00e9liorer votre bien-\u00eatre<\/title>\n<meta name=\"description\" content=\"D\u00e9couvrez les meilleurs articles sur la nutrition ! Vous trouverez toutes sortes d&#039;aides pour maintenir votre sant\u00e9 physique et mentale.\" \/>\n<meta name=\"robots\" content=\"index, follow, max-snippet:-1, max-image-preview:large, max-video-preview:-1\" \/>\n<link rel=\"canonical\" href=\"https:\/\/friselva.com\/fr\/nutrition\/\" \/>\n<meta property=\"og:locale\" content=\"fr_FR\" \/>\n<meta property=\"og:type\" content=\"article\" \/>\n<meta property=\"og:title\" content=\"Nutrition Friselva: Des articles pour am\u00e9liorer votre bien-\u00eatre\" \/>\n<meta property=\"og:description\" content=\"D\u00e9couvrez les meilleurs articles sur la nutrition ! Vous trouverez toutes sortes d&#039;aides pour maintenir votre sant\u00e9 physique et mentale.\" \/>\n<meta property=\"og:url\" content=\"https:\/\/friselva.com\/fr\/nutrition\/\" \/>\n<meta property=\"og:site_name\" content=\"Friselva\" \/>\n<meta property=\"article:publisher\" content=\"https:\/\/www.facebook.com\/p\/FRISELVA-SA-100057094944941\" \/>\n<meta property=\"article:modified_time\" content=\"2021-01-26T14:03:31+00:00\" \/>\n<meta name=\"twitter:card\" content=\"summary_large_image\" \/>\n<meta name=\"twitter:site\" content=\"@friselvasa\" \/>\n<script type=\"application\/ld+json\" class=\"yoast-schema-graph\">{\"@context\":\"https:\/\/schema.org\",\"@graph\":[{\"@type\":\"WebPage\",\"@id\":\"https:\/\/friselva.com\/fr\/nutrition\/\",\"url\":\"https:\/\/friselva.com\/fr\/nutrition\/\",\"name\":\"Nutrition Friselva: Des articles pour am\u00e9liorer votre bien-\u00eatre\",\"isPartOf\":{\"@id\":\"https:\/\/friselva.com\/fr\/#website\"},\"datePublished\":\"2020-12-29T08:04:35+00:00\",\"dateModified\":\"2021-01-26T14:03:31+00:00\",\"description\":\"D\u00e9couvrez les meilleurs articles sur la nutrition ! Vous trouverez toutes sortes d'aides pour maintenir votre sant\u00e9 physique et mentale.\",\"breadcrumb\":{\"@id\":\"https:\/\/friselva.com\/fr\/nutrition\/#breadcrumb\"},\"inLanguage\":\"fr-FR\",\"potentialAction\":[{\"@type\":\"ReadAction\",\"target\":[\"https:\/\/friselva.com\/fr\/nutrition\/\"]}]},{\"@type\":\"BreadcrumbList\",\"@id\":\"https:\/\/friselva.com\/fr\/nutrition\/#breadcrumb\",\"itemListElement\":[{\"@type\":\"ListItem\",\"position\":1,\"name\":\"Portada\",\"item\":\"https:\/\/friselva.com\/fr\/\"},{\"@type\":\"ListItem\",\"position\":2,\"name\":\"Nutrition\"}]},{\"@type\":\"WebSite\",\"@id\":\"https:\/\/friselva.com\/fr\/#website\",\"url\":\"https:\/\/friselva.com\/fr\/\",\"name\":\"Friselva\",\"description\":\"Friselva, matadero y sala de despiece de cerdo y derivados\",\"potentialAction\":[{\"@type\":\"SearchAction\",\"target\":{\"@type\":\"EntryPoint\",\"urlTemplate\":\"https:\/\/friselva.com\/fr\/?s={search_term_string}\"},\"query-input\":{\"@type\":\"PropertyValueSpecification\",\"valueRequired\":true,\"valueName\":\"search_term_string\"}}],\"inLanguage\":\"fr-FR\"}]}<\/script>\n<!-- \/ Yoast SEO plugin. -->","yoast_head_json":{"title":"Nutrition Friselva: Des articles pour am\u00e9liorer votre bien-\u00eatre","description":"D\u00e9couvrez les meilleurs articles sur la nutrition ! Vous trouverez toutes sortes d'aides pour maintenir votre sant\u00e9 physique et mentale.","robots":{"index":"index","follow":"follow","max-snippet":"max-snippet:-1","max-image-preview":"max-image-preview:large","max-video-preview":"max-video-preview:-1"},"canonical":"https:\/\/friselva.com\/fr\/nutrition\/","og_locale":"fr_FR","og_type":"article","og_title":"Nutrition Friselva: Des articles pour am\u00e9liorer votre bien-\u00eatre","og_description":"D\u00e9couvrez les meilleurs articles sur la nutrition ! Vous trouverez toutes sortes d'aides pour maintenir votre sant\u00e9 physique et mentale.","og_url":"https:\/\/friselva.com\/fr\/nutrition\/","og_site_name":"Friselva","article_publisher":"https:\/\/www.facebook.com\/p\/FRISELVA-SA-100057094944941","article_modified_time":"2021-01-26T14:03:31+00:00","twitter_card":"summary_large_image","twitter_site":"@friselvasa","schema":{"@context":"https:\/\/schema.org","@graph":[{"@type":"WebPage","@id":"https:\/\/friselva.com\/fr\/nutrition\/","url":"https:\/\/friselva.com\/fr\/nutrition\/","name":"Nutrition Friselva: Des articles pour am\u00e9liorer votre bien-\u00eatre","isPartOf":{"@id":"https:\/\/friselva.com\/fr\/#website"},"datePublished":"2020-12-29T08:04:35+00:00","dateModified":"2021-01-26T14:03:31+00:00","description":"D\u00e9couvrez les meilleurs articles sur la nutrition ! Vous trouverez toutes sortes d'aides pour maintenir votre sant\u00e9 physique et mentale.","breadcrumb":{"@id":"https:\/\/friselva.com\/fr\/nutrition\/#breadcrumb"},"inLanguage":"fr-FR","potentialAction":[{"@type":"ReadAction","target":["https:\/\/friselva.com\/fr\/nutrition\/"]}]},{"@type":"BreadcrumbList","@id":"https:\/\/friselva.com\/fr\/nutrition\/#breadcrumb","itemListElement":[{"@type":"ListItem","position":1,"name":"Portada","item":"https:\/\/friselva.com\/fr\/"},{"@type":"ListItem","position":2,"name":"Nutrition"}]},{"@type":"WebSite","@id":"https:\/\/friselva.com\/fr\/#website","url":"https:\/\/friselva.com\/fr\/","name":"Friselva","description":"Friselva, matadero y sala de despiece de cerdo y derivados","potentialAction":[{"@type":"SearchAction","target":{"@type":"EntryPoint","urlTemplate":"https:\/\/friselva.com\/fr\/?s={search_term_string}"},"query-input":{"@type":"PropertyValueSpecification","valueRequired":true,"valueName":"search_term_string"}}],"inLanguage":"fr-FR"}]}},"_links":{"self":[{"href":"https:\/\/friselva.com\/fr\/wp-json\/wp\/v2\/pages\/6048","targetHints":{"allow":["GET"]}}],"collection":[{"href":"https:\/\/friselva.com\/fr\/wp-json\/wp\/v2\/pages"}],"about":[{"href":"https:\/\/friselva.com\/fr\/wp-json\/wp\/v2\/types\/page"}],"author":[{"embeddable":true,"href":"https:\/\/friselva.com\/fr\/wp-json\/wp\/v2\/users\/1"}],"replies":[{"embeddable":true,"href":"https:\/\/friselva.com\/fr\/wp-json\/wp\/v2\/comments?post=6048"}],"version-history":[{"count":3,"href":"https:\/\/friselva.com\/fr\/wp-json\/wp\/v2\/pages\/6048\/revisions"}],"predecessor-version":[{"id":8798,"href":"https:\/\/friselva.com\/fr\/wp-json\/wp\/v2\/pages\/6048\/revisions\/8798"}],"wp:attachment":[{"href":"https:\/\/friselva.com\/fr\/wp-json\/wp\/v2\/media?parent=6048"}],"curies":[{"name":"wp","href":"https:\/\/api.w.org\/{rel}","templated":true}]}}