{"id":6001,"date":"2020-12-28T16:14:53","date_gmt":"2020-12-28T15:14:53","guid":{"rendered":"https:\/\/friselva.com\/histoire\/"},"modified":"2021-03-05T13:10:15","modified_gmt":"2021-03-05T12:10:15","slug":"histoire","status":"publish","type":"page","link":"https:\/\/friselva.com\/fr\/histoire\/","title":{"rendered":"Histoire"},"content":{"rendered":"\t\t<div data-elementor-type=\"wp-page\" data-elementor-id=\"6001\" class=\"elementor elementor-6001 elementor-141\" data-elementor-post-type=\"page\">\n\t\t\t\t\t\t<section class=\"elementor-section elementor-top-section elementor-element elementor-element-3e8c338 elementor-section-full_width elementor-section-height-default elementor-section-height-default parallax_section_no qode_elementor_container_no\" data-id=\"3e8c338\" data-element_type=\"section\" data-e-type=\"section\" data-settings=\"{&quot;background_background&quot;:&quot;classic&quot;}\">\n\t\t\t\t\t\t<div class=\"elementor-container elementor-column-gap-no\">\n\t\t\t\t\t<div class=\"elementor-column elementor-col-100 elementor-top-column elementor-element elementor-element-e2e9c5f\" data-id=\"e2e9c5f\" data-element_type=\"column\" data-e-type=\"column\">\n\t\t\t<div class=\"elementor-widget-wrap elementor-element-populated\">\n\t\t\t\t\t\t<section class=\"elementor-section elementor-inner-section elementor-element elementor-element-0a5925a elementor-section-full_width elementor-section-height-min-height elementor-section-height-default parallax_section_no qode_elementor_container_no\" data-id=\"0a5925a\" data-element_type=\"section\" data-e-type=\"section\" data-settings=\"{&quot;background_background&quot;:&quot;classic&quot;}\">\n\t\t\t\t\t\t<div class=\"elementor-container elementor-column-gap-default\">\n\t\t\t\t\t<div class=\"elementor-column elementor-col-50 elementor-inner-column elementor-element elementor-element-c0b08ce\" data-id=\"c0b08ce\" data-element_type=\"column\" data-e-type=\"column\">\n\t\t\t<div class=\"elementor-widget-wrap elementor-element-populated\">\n\t\t\t\t\t\t<div class=\"elementor-element elementor-element-7c52777 elementor-widget elementor-widget-heading\" data-id=\"7c52777\" data-element_type=\"widget\" data-e-type=\"widget\" data-widget_type=\"heading.default\">\n\t\t\t\t<div class=\"elementor-widget-container\">\n\t\t\t\t\t<h1 class=\"elementor-heading-title elementor-size-default\">Histoire<\/h1>\t\t\t\t<\/div>\n\t\t\t\t<\/div>\n\t\t\t\t<div class=\"elementor-element elementor-element-9ac9c04 elementor-widget-divider--view-line elementor-widget elementor-widget-divider\" data-id=\"9ac9c04\" data-element_type=\"widget\" data-e-type=\"widget\" data-widget_type=\"divider.default\">\n\t\t\t\t<div class=\"elementor-widget-container\">\n\t\t\t\t\t\t\t<div class=\"elementor-divider\">\n\t\t\t<span class=\"elementor-divider-separator\">\n\t\t\t\t\t\t<\/span>\n\t\t<\/div>\n\t\t\t\t\t\t<\/div>\n\t\t\t\t<\/div>\n\t\t\t\t<div class=\"elementor-element elementor-element-cc22e09 elementor-widget elementor-widget-text-editor\" data-id=\"cc22e09\" data-element_type=\"widget\" data-e-type=\"widget\" data-widget_type=\"text-editor.default\">\n\t\t\t\t<div class=\"elementor-widget-container\">\n\t\t\t\t\t\t\t\t\t<p>En 1950, Miquel Rami\u00f3 Serra a commenc\u00e9 sa carri\u00e8re comme marchand de b\u00e9tail. Quelques ann\u00e9es apr\u00e8s, il a saisi l\u2019opportunit\u00e9 de construire une salle de d\u00e9coupe dans la commune de Sant Jordi Desvalls et a int\u00e9gr\u00e9 son fils Miquel Rami\u00f3 Costa dans l\u2019entreprise. Gr\u00e2ce \u00e0 cette initiative, M. Rami\u00f3 Serra a \u00e9tabli les bases de ce qui allait devenir FRISELVA.<\/p>\n<p>L\u2019activit\u00e9 s\u2019est d\u00e9velopp\u00e9e et il a \u00e9t\u00e9 n\u00e9cessaire de transf\u00e9rer la salle de d\u00e9coupe \u00e0 Riudellots de la Selva o\u00f9 l\u2019abattoir a pu \u00eatre int\u00e9gr\u00e9 \u00e0 la salle de d\u00e9coupe. C\u2019est de cette int\u00e9gration et ses nouvelles installations qu\u2019est n\u00e9e l\u2019actuelle FRISELVA.<\/p>\n<p>Au cours des derni\u00e8res ann\u00e9es, les chiffres n\u2019ont cess\u00e9 de cro\u00eetre et le nombre d\u2019installations ont augment\u00e9. En perp\u00e9tuant la tradition familiale, nous travaillons pour offrir la meilleure qualit\u00e9 et le meilleur service \u00e0 nos clients. Nous misons sur l\u2019am\u00e9lioration continue et nous concentrons nos efforts sur l\u2019int\u00e9gration verticale totale en se conformant \u00e0 la strat\u00e9gie de la Directive Europ\u00e9enne \u00ab\u00a0de la ferme \u00e0 l&rsquo;assiette\u00a0\u00bb. L\u2019effort et l\u2019engagement de toute l\u2019\u00e9quipe de l\u2019entreprise a permis \u00e0 FRISELVA d\u2019\u00eatre reconnue dans le secteur porcin.<\/p>\n\t\t\t\t\t\t\t\t<\/div>\n\t\t\t\t<\/div>\n\t\t\t\t\t<\/div>\n\t\t<\/div>\n\t\t\t\t<div class=\"elementor-column elementor-col-50 elementor-inner-column elementor-element elementor-element-bd11c0a\" data-id=\"bd11c0a\" data-element_type=\"column\" data-e-type=\"column\">\n\t\t\t<div class=\"elementor-widget-wrap\">\n\t\t\t\t\t\t\t<\/div>\n\t\t<\/div>\n\t\t\t\t\t<\/div>\n\t\t<\/section>\n\t\t\t\t\t<\/div>\n\t\t<\/div>\n\t\t\t\t\t<\/div>\n\t\t<\/section>\n\t\t\t\t<section class=\"elementor-section elementor-top-section elementor-element elementor-element-c2e8faf elementor-section-full_width elementor-hidden-phone elementor-section-height-default elementor-section-height-default parallax_section_no qode_elementor_container_no\" data-id=\"c2e8faf\" data-element_type=\"section\" data-e-type=\"section\" data-settings=\"{&quot;background_background&quot;:&quot;classic&quot;}\">\n\t\t\t\t\t\t<div class=\"elementor-container elementor-column-gap-no\">\n\t\t\t\t\t<div class=\"elementor-column elementor-col-100 elementor-top-column elementor-element elementor-element-97f62c4\" data-id=\"97f62c4\" data-element_type=\"column\" data-e-type=\"column\" data-settings=\"{&quot;motion_fx_motion_fx_scrolling&quot;:&quot;yes&quot;,&quot;motion_fx_translateY_effect&quot;:&quot;yes&quot;,&quot;motion_fx_translateY_affectedRange&quot;:{&quot;unit&quot;:&quot;%&quot;,&quot;size&quot;:&quot;&quot;,&quot;sizes&quot;:{&quot;start&quot;:0,&quot;end&quot;:50}},&quot;motion_fx_translateY_speed&quot;:{&quot;unit&quot;:&quot;px&quot;,&quot;size&quot;:4,&quot;sizes&quot;:[]},&quot;motion_fx_devices&quot;:[&quot;desktop&quot;,&quot;tablet&quot;,&quot;mobile&quot;]}\">\n\t\t\t<div class=\"elementor-widget-wrap elementor-element-populated\">\n\t\t\t\t\t\t<div class=\"elementor-element elementor-element-0b0804b elementor-skin-carousel elementor-arrows-yes elementor-widget elementor-widget-media-carousel\" data-id=\"0b0804b\" data-element_type=\"widget\" data-e-type=\"widget\" data-settings=\"{&quot;slides_per_view&quot;:&quot;1&quot;,&quot;slides_to_scroll&quot;:&quot;1&quot;,&quot;skin&quot;:&quot;carousel&quot;,&quot;effect&quot;:&quot;slide&quot;,&quot;show_arrows&quot;:&quot;yes&quot;,&quot;speed&quot;:500,&quot;autoplay&quot;:&quot;yes&quot;,&quot;autoplay_speed&quot;:5000,&quot;loop&quot;:&quot;yes&quot;,&quot;pause_on_hover&quot;:&quot;yes&quot;,&quot;pause_on_interaction&quot;:&quot;yes&quot;,&quot;space_between&quot;:{&quot;unit&quot;:&quot;px&quot;,&quot;size&quot;:10,&quot;sizes&quot;:[]},&quot;space_between_tablet&quot;:{&quot;unit&quot;:&quot;px&quot;,&quot;size&quot;:10,&quot;sizes&quot;:[]},&quot;space_between_mobile&quot;:{&quot;unit&quot;:&quot;px&quot;,&quot;size&quot;:10,&quot;sizes&quot;:[]}}\" data-widget_type=\"media-carousel.default\">\n\t\t\t\t<div class=\"elementor-widget-container\">\n\t\t\t\t\t\t\t\t\t<div class=\"elementor-swiper\">\n\t\t\t\t\t<div class=\"elementor-main-swiper swiper\" role=\"region\" aria-roledescription=\"carousel\" aria-label=\"Diapositives\">\n\t\t\t\t<div class=\"swiper-wrapper\">\n\t\t\t\t\t\t\t\t\t\t\t<div class=\"swiper-slide\" role=\"group\" aria-roledescription=\"slide\">\n\t\t\t\t\t\t\t\t\t<div class=\"elementor-carousel-image\" role=\"img\" aria-label=\"Historia_retocada_2\" style=\"background-image: url(&#039;https:\/\/friselva.com\/wp-content\/uploads\/2021\/03\/Historia_retocada_2.jpg&#039;)\">\n\n\t\t\t\n\t\t\t\t\t<\/div>\n\t\t\t\t\t\t\t\t<\/div>\n\t\t\t\t\t\t\t\t\t<\/div>\n\t\t\t\t\t\t\t<\/div>\n\t\t\t\t<\/div>\n\t\t\t\t\t\t\t\t<\/div>\n\t\t\t\t<\/div>\n\t\t\t\t\t<\/div>\n\t\t<\/div>\n\t\t\t\t\t<\/div>\n\t\t<\/section>\n\t\t\t\t<section class=\"elementor-section elementor-top-section elementor-element elementor-element-e9c3bfe elementor-section-full_width elementor-section-height-default elementor-section-height-default parallax_section_no qode_elementor_container_no\" data-id=\"e9c3bfe\" data-element_type=\"section\" data-e-type=\"section\" data-settings=\"{&quot;background_background&quot;:&quot;classic&quot;}\">\n\t\t\t\t\t\t<div class=\"elementor-container elementor-column-gap-no\">\n\t\t\t\t\t<div class=\"elementor-column elementor-col-50 elementor-top-column elementor-element elementor-element-a3135a9 elementor-hidden-phone\" data-id=\"a3135a9\" data-element_type=\"column\" data-e-type=\"column\" data-settings=\"{&quot;background_background&quot;:&quot;classic&quot;}\">\n\t\t\t<div class=\"elementor-widget-wrap\">\n\t\t\t\t\t\t\t<\/div>\n\t\t<\/div>\n\t\t\t\t<div class=\"elementor-column elementor-col-50 elementor-top-column elementor-element elementor-element-b0c1d9f\" data-id=\"b0c1d9f\" data-element_type=\"column\" data-e-type=\"column\">\n\t\t\t<div class=\"elementor-widget-wrap elementor-element-populated\">\n\t\t\t\t\t\t<div class=\"elementor-element elementor-element-dd9e129 elementor-widget elementor-widget-heading\" data-id=\"dd9e129\" data-element_type=\"widget\" data-e-type=\"widget\" data-widget_type=\"heading.default\">\n\t\t\t\t<div class=\"elementor-widget-container\">\n\t\t\t\t\t<h2 class=\"elementor-heading-title elementor-size-default\">Chronogramme<\/h2>\t\t\t\t<\/div>\n\t\t\t\t<\/div>\n\t\t\t\t<div class=\"elementor-element elementor-element-0d7b7f5 elementor-widget-divider--view-line elementor-widget elementor-widget-divider\" data-id=\"0d7b7f5\" data-element_type=\"widget\" data-e-type=\"widget\" data-widget_type=\"divider.default\">\n\t\t\t\t<div class=\"elementor-widget-container\">\n\t\t\t\t\t\t\t<div class=\"elementor-divider\">\n\t\t\t<span class=\"elementor-divider-separator\">\n\t\t\t\t\t\t<\/span>\n\t\t<\/div>\n\t\t\t\t\t\t<\/div>\n\t\t\t\t<\/div>\n\t\t\t\t<div class=\"elementor-element elementor-element-1b42503 elementor-arrows-position-inside elementor-widget elementor-widget-image-carousel\" data-id=\"1b42503\" data-element_type=\"widget\" data-e-type=\"widget\" data-settings=\"{&quot;slides_to_show&quot;:&quot;1&quot;,&quot;navigation&quot;:&quot;arrows&quot;,&quot;infinite&quot;:&quot;no&quot;,&quot;slides_to_show_mobile&quot;:&quot;1&quot;,&quot;autoplay&quot;:&quot;yes&quot;,&quot;pause_on_hover&quot;:&quot;yes&quot;,&quot;pause_on_interaction&quot;:&quot;yes&quot;,&quot;autoplay_speed&quot;:5000,&quot;effect&quot;:&quot;slide&quot;,&quot;speed&quot;:500}\" data-widget_type=\"image-carousel.default\">\n\t\t\t\t<div class=\"elementor-widget-container\">\n\t\t\t\t\t\t\t<div class=\"elementor-image-carousel-wrapper swiper\" role=\"region\" aria-roledescription=\"carousel\" aria-label=\"Carrousel d\u2019images\" dir=\"ltr\">\n\t\t\t<div class=\"elementor-image-carousel swiper-wrapper\" aria-live=\"off\">\n\t\t\t\t\t\t\t\t<div class=\"swiper-slide\" role=\"group\" aria-roledescription=\"slide\" aria-label=\"1 sur 3\"><figure class=\"swiper-slide-inner\"><img decoding=\"async\" class=\"swiper-slide-image\" src=\"https:\/\/friselva.com\/wp-content\/uploads\/2021\/01\/Histoire-enterprise-Friselva_Mesa-de-trabajo-1-scaled.jpg\" alt=\"Histoire enterprise Friselva_Mesa de trabajo 1\" \/><\/figure><\/div><div class=\"swiper-slide\" role=\"group\" aria-roledescription=\"slide\" aria-label=\"2 sur 3\"><figure class=\"swiper-slide-inner\"><img decoding=\"async\" class=\"swiper-slide-image\" src=\"https:\/\/friselva.com\/wp-content\/uploads\/2021\/01\/Histoire-enterprise-Friselva_Mesa-de-trabajo-1-copia-scaled.jpg\" alt=\"Histoire enterprise Friselva_Mesa de trabajo 1 copia\" \/><\/figure><\/div><div class=\"swiper-slide\" role=\"group\" aria-roledescription=\"slide\" aria-label=\"3 sur 3\"><figure class=\"swiper-slide-inner\"><img decoding=\"async\" class=\"swiper-slide-image\" src=\"https:\/\/friselva.com\/wp-content\/uploads\/2021\/01\/Histoire-enterprise-Friselva_Mesa-de-trabajo-1-copia-2-scaled.jpg\" alt=\"Histoire enterprise Friselva_Mesa de trabajo 1 copia 2\" \/><\/figure><\/div>\t\t\t<\/div>\n\t\t\t\t\t\t\t\t\t\t\t\t<div class=\"elementor-swiper-button elementor-swiper-button-prev\" role=\"button\" tabindex=\"0\">\n\t\t\t\t\t\t<i aria-hidden=\"true\" class=\"eicon-chevron-left\"><\/i>\t\t\t\t\t<\/div>\n\t\t\t\t\t<div class=\"elementor-swiper-button elementor-swiper-button-next\" role=\"button\" tabindex=\"0\">\n\t\t\t\t\t\t<i aria-hidden=\"true\" class=\"eicon-chevron-right\"><\/i>\t\t\t\t\t<\/div>\n\t\t\t\t\n\t\t\t\t\t\t\t\t\t<\/div>\n\t\t\t\t\t\t<\/div>\n\t\t\t\t<\/div>\n\t\t\t\t\t<\/div>\n\t\t<\/div>\n\t\t\t\t\t<\/div>\n\t\t<\/section>\n\t\t\t\t<\/div>\n\t\t","protected":false},"excerpt":{"rendered":"<p>Histoire En 1950, Miquel Rami\u00f3 Serra a commenc\u00e9 sa carri\u00e8re comme marchand de b\u00e9tail. Quelques ann\u00e9es apr\u00e8s, il a saisi l\u2019opportunit\u00e9 de construire une salle de d\u00e9coupe dans la commune de Sant Jordi Desvalls et a int\u00e9gr\u00e9 son fils Miquel Rami\u00f3 Costa dans l\u2019entreprise. Gr\u00e2ce&#8230;<\/p>\n","protected":false},"author":1,"featured_media":0,"parent":0,"menu_order":0,"comment_status":"closed","ping_status":"closed","template":"elementor_header_footer","meta":{"footnotes":""},"class_list":["post-6001","page","type-page","status-publish","hentry"],"yoast_head":"<!-- This site is optimized with the Yoast SEO plugin v27.1.1 - https:\/\/yoast.com\/product\/yoast-seo-wordpress\/ -->\n<title>Histoire - Friselva<\/title>\n<meta name=\"robots\" content=\"index, follow, max-snippet:-1, max-image-preview:large, max-video-preview:-1\" \/>\n<link rel=\"canonical\" href=\"https:\/\/friselva.com\/fr\/histoire\/\" \/>\n<meta property=\"og:locale\" content=\"fr_FR\" \/>\n<meta property=\"og:type\" content=\"article\" \/>\n<meta property=\"og:title\" content=\"Histoire - Friselva\" \/>\n<meta property=\"og:description\" content=\"Histoire En 1950, Miquel Rami\u00f3 Serra a commenc\u00e9 sa carri\u00e8re comme marchand de b\u00e9tail. Quelques ann\u00e9es apr\u00e8s, il a saisi l\u2019opportunit\u00e9 de construire une salle de d\u00e9coupe dans la commune de Sant Jordi Desvalls et a int\u00e9gr\u00e9 son fils Miquel Rami\u00f3 Costa dans l\u2019entreprise. Gr\u00e2ce...\" \/>\n<meta property=\"og:url\" content=\"https:\/\/friselva.com\/fr\/histoire\/\" \/>\n<meta property=\"og:site_name\" content=\"Friselva\" \/>\n<meta property=\"article:publisher\" content=\"https:\/\/www.facebook.com\/p\/FRISELVA-SA-100057094944941\" \/>\n<meta property=\"article:modified_time\" content=\"2021-03-05T12:10:15+00:00\" \/>\n<meta property=\"og:image\" content=\"https:\/\/friselva.com\/wp-content\/uploads\/2021\/01\/Histoire-enterprise-Friselva_Mesa-de-trabajo-1-scaled.jpg\" \/>\n<meta name=\"twitter:card\" content=\"summary_large_image\" \/>\n<meta name=\"twitter:site\" content=\"@friselvasa\" \/>\n<meta name=\"twitter:label1\" content=\"Dur\u00e9e de lecture estim\u00e9e\" \/>\n\t<meta name=\"twitter:data1\" content=\"2 minutes\" \/>\n<script type=\"application\/ld+json\" class=\"yoast-schema-graph\">{\"@context\":\"https:\/\/schema.org\",\"@graph\":[{\"@type\":\"WebPage\",\"@id\":\"https:\/\/friselva.com\/fr\/histoire\/\",\"url\":\"https:\/\/friselva.com\/fr\/histoire\/\",\"name\":\"Histoire - Friselva\",\"isPartOf\":{\"@id\":\"https:\/\/friselva.com\/fr\/#website\"},\"primaryImageOfPage\":{\"@id\":\"https:\/\/friselva.com\/fr\/histoire\/#primaryimage\"},\"image\":{\"@id\":\"https:\/\/friselva.com\/fr\/histoire\/#primaryimage\"},\"thumbnailUrl\":\"https:\/\/friselva.com\/wp-content\/uploads\/2021\/01\/Histoire-enterprise-Friselva_Mesa-de-trabajo-1-scaled.jpg\",\"datePublished\":\"2020-12-28T15:14:53+00:00\",\"dateModified\":\"2021-03-05T12:10:15+00:00\",\"breadcrumb\":{\"@id\":\"https:\/\/friselva.com\/fr\/histoire\/#breadcrumb\"},\"inLanguage\":\"fr-FR\",\"potentialAction\":[{\"@type\":\"ReadAction\",\"target\":[\"https:\/\/friselva.com\/fr\/histoire\/\"]}]},{\"@type\":\"ImageObject\",\"inLanguage\":\"fr-FR\",\"@id\":\"https:\/\/friselva.com\/fr\/histoire\/#primaryimage\",\"url\":\"https:\/\/friselva.com\/wp-content\/uploads\/2021\/01\/Histoire-enterprise-Friselva_Mesa-de-trabajo-1-scaled.jpg\",\"contentUrl\":\"https:\/\/friselva.com\/wp-content\/uploads\/2021\/01\/Histoire-enterprise-Friselva_Mesa-de-trabajo-1-scaled.jpg\"},{\"@type\":\"BreadcrumbList\",\"@id\":\"https:\/\/friselva.com\/fr\/histoire\/#breadcrumb\",\"itemListElement\":[{\"@type\":\"ListItem\",\"position\":1,\"name\":\"Portada\",\"item\":\"https:\/\/friselva.com\/fr\/\"},{\"@type\":\"ListItem\",\"position\":2,\"name\":\"Histoire\"}]},{\"@type\":\"WebSite\",\"@id\":\"https:\/\/friselva.com\/fr\/#website\",\"url\":\"https:\/\/friselva.com\/fr\/\",\"name\":\"Friselva\",\"description\":\"Friselva, matadero y sala de despiece de cerdo y derivados\",\"potentialAction\":[{\"@type\":\"SearchAction\",\"target\":{\"@type\":\"EntryPoint\",\"urlTemplate\":\"https:\/\/friselva.com\/fr\/?s={search_term_string}\"},\"query-input\":{\"@type\":\"PropertyValueSpecification\",\"valueRequired\":true,\"valueName\":\"search_term_string\"}}],\"inLanguage\":\"fr-FR\"}]}<\/script>\n<!-- \/ Yoast SEO plugin. -->","yoast_head_json":{"title":"Histoire - Friselva","robots":{"index":"index","follow":"follow","max-snippet":"max-snippet:-1","max-image-preview":"max-image-preview:large","max-video-preview":"max-video-preview:-1"},"canonical":"https:\/\/friselva.com\/fr\/histoire\/","og_locale":"fr_FR","og_type":"article","og_title":"Histoire - Friselva","og_description":"Histoire En 1950, Miquel Rami\u00f3 Serra a commenc\u00e9 sa carri\u00e8re comme marchand de b\u00e9tail. Quelques ann\u00e9es apr\u00e8s, il a saisi l\u2019opportunit\u00e9 de construire une salle de d\u00e9coupe dans la commune de Sant Jordi Desvalls et a int\u00e9gr\u00e9 son fils Miquel Rami\u00f3 Costa dans l\u2019entreprise. Gr\u00e2ce...","og_url":"https:\/\/friselva.com\/fr\/histoire\/","og_site_name":"Friselva","article_publisher":"https:\/\/www.facebook.com\/p\/FRISELVA-SA-100057094944941","article_modified_time":"2021-03-05T12:10:15+00:00","og_image":[{"url":"https:\/\/friselva.com\/wp-content\/uploads\/2021\/01\/Histoire-enterprise-Friselva_Mesa-de-trabajo-1-scaled.jpg","type":"","width":"","height":""}],"twitter_card":"summary_large_image","twitter_site":"@friselvasa","twitter_misc":{"Dur\u00e9e de lecture estim\u00e9e":"2 minutes"},"schema":{"@context":"https:\/\/schema.org","@graph":[{"@type":"WebPage","@id":"https:\/\/friselva.com\/fr\/histoire\/","url":"https:\/\/friselva.com\/fr\/histoire\/","name":"Histoire - Friselva","isPartOf":{"@id":"https:\/\/friselva.com\/fr\/#website"},"primaryImageOfPage":{"@id":"https:\/\/friselva.com\/fr\/histoire\/#primaryimage"},"image":{"@id":"https:\/\/friselva.com\/fr\/histoire\/#primaryimage"},"thumbnailUrl":"https:\/\/friselva.com\/wp-content\/uploads\/2021\/01\/Histoire-enterprise-Friselva_Mesa-de-trabajo-1-scaled.jpg","datePublished":"2020-12-28T15:14:53+00:00","dateModified":"2021-03-05T12:10:15+00:00","breadcrumb":{"@id":"https:\/\/friselva.com\/fr\/histoire\/#breadcrumb"},"inLanguage":"fr-FR","potentialAction":[{"@type":"ReadAction","target":["https:\/\/friselva.com\/fr\/histoire\/"]}]},{"@type":"ImageObject","inLanguage":"fr-FR","@id":"https:\/\/friselva.com\/fr\/histoire\/#primaryimage","url":"https:\/\/friselva.com\/wp-content\/uploads\/2021\/01\/Histoire-enterprise-Friselva_Mesa-de-trabajo-1-scaled.jpg","contentUrl":"https:\/\/friselva.com\/wp-content\/uploads\/2021\/01\/Histoire-enterprise-Friselva_Mesa-de-trabajo-1-scaled.jpg"},{"@type":"BreadcrumbList","@id":"https:\/\/friselva.com\/fr\/histoire\/#breadcrumb","itemListElement":[{"@type":"ListItem","position":1,"name":"Portada","item":"https:\/\/friselva.com\/fr\/"},{"@type":"ListItem","position":2,"name":"Histoire"}]},{"@type":"WebSite","@id":"https:\/\/friselva.com\/fr\/#website","url":"https:\/\/friselva.com\/fr\/","name":"Friselva","description":"Friselva, matadero y sala de despiece de cerdo y derivados","potentialAction":[{"@type":"SearchAction","target":{"@type":"EntryPoint","urlTemplate":"https:\/\/friselva.com\/fr\/?s={search_term_string}"},"query-input":{"@type":"PropertyValueSpecification","valueRequired":true,"valueName":"search_term_string"}}],"inLanguage":"fr-FR"}]}},"_links":{"self":[{"href":"https:\/\/friselva.com\/fr\/wp-json\/wp\/v2\/pages\/6001","targetHints":{"allow":["GET"]}}],"collection":[{"href":"https:\/\/friselva.com\/fr\/wp-json\/wp\/v2\/pages"}],"about":[{"href":"https:\/\/friselva.com\/fr\/wp-json\/wp\/v2\/types\/page"}],"author":[{"embeddable":true,"href":"https:\/\/friselva.com\/fr\/wp-json\/wp\/v2\/users\/1"}],"replies":[{"embeddable":true,"href":"https:\/\/friselva.com\/fr\/wp-json\/wp\/v2\/comments?post=6001"}],"version-history":[{"count":7,"href":"https:\/\/friselva.com\/fr\/wp-json\/wp\/v2\/pages\/6001\/revisions"}],"predecessor-version":[{"id":10366,"href":"https:\/\/friselva.com\/fr\/wp-json\/wp\/v2\/pages\/6001\/revisions\/10366"}],"wp:attachment":[{"href":"https:\/\/friselva.com\/fr\/wp-json\/wp\/v2\/media?parent=6001"}],"curies":[{"name":"wp","href":"https:\/\/api.w.org\/{rel}","templated":true}]}}