{"id":5882,"date":"2020-12-28T10:45:52","date_gmt":"2020-12-28T09:45:52","guid":{"rendered":"https:\/\/friselva.com\/tu-bienestar\/"},"modified":"2021-01-28T09:49:26","modified_gmt":"2021-01-28T08:49:26","slug":"your-well-being","status":"publish","type":"page","link":"https:\/\/friselva.com\/en\/your-well-being\/","title":{"rendered":"Your well-being"},"content":{"rendered":"\t\t<div data-elementor-type=\"wp-page\" data-elementor-id=\"5882\" class=\"elementor elementor-5882 elementor-296\" data-elementor-post-type=\"page\">\n\t\t\t\t\t\t<section class=\"elementor-section elementor-top-section elementor-element elementor-element-d786535 elementor-section-full_width elementor-section-height-min-height elementor-section-height-default elementor-section-items-middle parallax_section_no qode_elementor_container_no\" data-id=\"d786535\" data-element_type=\"section\" data-e-type=\"section\" data-settings=\"{&quot;background_background&quot;:&quot;classic&quot;,&quot;shape_divider_bottom&quot;:&quot;triangle&quot;,&quot;shape_divider_bottom_negative&quot;:&quot;yes&quot;}\">\n\t\t\t\t\t<div class=\"elementor-shape elementor-shape-bottom\" aria-hidden=\"true\" data-negative=\"true\">\n\t\t\t<svg xmlns=\"http:\/\/www.w3.org\/2000\/svg\" viewBox=\"0 0 1000 100\" preserveAspectRatio=\"none\">\n\t<path class=\"elementor-shape-fill\" d=\"M500.2,94.7L0,0v100h1000V0L500.2,94.7z\"\/>\n<\/svg>\t\t<\/div>\n\t\t\t\t\t<div class=\"elementor-container elementor-column-gap-no\">\n\t\t\t\t\t<div class=\"elementor-column elementor-col-100 elementor-top-column elementor-element elementor-element-a6a5bae\" data-id=\"a6a5bae\" data-element_type=\"column\" data-e-type=\"column\">\n\t\t\t<div class=\"elementor-widget-wrap elementor-element-populated\">\n\t\t\t\t\t\t<div class=\"elementor-element elementor-element-ef7cbd3 elementor-widget elementor-widget-heading\" data-id=\"ef7cbd3\" data-element_type=\"widget\" data-e-type=\"widget\" data-widget_type=\"heading.default\">\n\t\t\t\t<div class=\"elementor-widget-container\">\n\t\t\t\t\t<h1 class=\"elementor-heading-title elementor-size-default\">Your well-being<\/h1>\t\t\t\t<\/div>\n\t\t\t\t<\/div>\n\t\t\t\t<div class=\"elementor-element elementor-element-64c1d05 elementor-widget-divider--view-line elementor-widget elementor-widget-divider\" data-id=\"64c1d05\" data-element_type=\"widget\" data-e-type=\"widget\" data-widget_type=\"divider.default\">\n\t\t\t\t<div class=\"elementor-widget-container\">\n\t\t\t\t\t\t\t<div class=\"elementor-divider\">\n\t\t\t<span class=\"elementor-divider-separator\">\n\t\t\t\t\t\t<\/span>\n\t\t<\/div>\n\t\t\t\t\t\t<\/div>\n\t\t\t\t<\/div>\n\t\t\t\t<div class=\"elementor-element elementor-element-4f00258 elementor-widget elementor-widget-heading\" data-id=\"4f00258\" data-element_type=\"widget\" data-e-type=\"widget\" data-widget_type=\"heading.default\">\n\t\t\t\t<div class=\"elementor-widget-container\">\n\t\t\t\t\t<p class=\"elementor-heading-title elementor-size-default\">We take care of your health with <br \/> high quality products.<\/p>\t\t\t\t<\/div>\n\t\t\t\t<\/div>\n\t\t\t\t<div class=\"elementor-element elementor-element-55e812f elementor-widget elementor-widget-heading\" data-id=\"55e812f\" data-element_type=\"widget\" data-e-type=\"widget\" data-widget_type=\"heading.default\">\n\t\t\t\t<div class=\"elementor-widget-container\">\n\t\t\t\t\t<p class=\"elementor-heading-title elementor-size-default\">Find recipes, tips and information of interest.<\/p>\t\t\t\t<\/div>\n\t\t\t\t<\/div>\n\t\t\t\t\t<\/div>\n\t\t<\/div>\n\t\t\t\t\t<\/div>\n\t\t<\/section>\n\t\t\t\t<section class=\"elementor-section elementor-top-section elementor-element elementor-element-a629c71 elementor-section-full_width elementor-section-height-default elementor-section-height-default parallax_section_no qode_elementor_container_no\" data-id=\"a629c71\" data-element_type=\"section\" data-e-type=\"section\" data-settings=\"{&quot;background_background&quot;:&quot;classic&quot;}\">\n\t\t\t\t\t\t<div class=\"elementor-container elementor-column-gap-no\">\n\t\t\t\t\t<div class=\"elementor-column elementor-col-100 elementor-top-column elementor-element elementor-element-6847b60\" data-id=\"6847b60\" data-element_type=\"column\" data-e-type=\"column\">\n\t\t\t<div class=\"elementor-widget-wrap elementor-element-populated\">\n\t\t\t\t\t\t<section class=\"elementor-section elementor-inner-section elementor-element elementor-element-ac22a03 elementor-section-full_width elementor-section-height-default elementor-section-height-default parallax_section_no qode_elementor_container_no\" data-id=\"ac22a03\" data-element_type=\"section\" data-e-type=\"section\">\n\t\t\t\t\t\t<div class=\"elementor-container elementor-column-gap-wide\">\n\t\t\t\t\t<div class=\"make-column-clickable-elementor elementor-column elementor-col-33 elementor-inner-column elementor-element elementor-element-83801ff\" style=\"cursor: pointer;\" data-column-clickable=\"https:\/\/friselva.com\/recetas\/\" data-column-clickable-blank=\"_self\" data-id=\"83801ff\" data-element_type=\"column\" data-e-type=\"column\">\n\t\t\t<div class=\"elementor-widget-wrap elementor-element-populated\">\n\t\t\t\t\t\t<div class=\"elementor-element elementor-element-407e26e image-card elementor-widget elementor-widget-image\" data-id=\"407e26e\" data-element_type=\"widget\" data-e-type=\"widget\" data-widget_type=\"image.default\">\n\t\t\t\t<div class=\"elementor-widget-container\">\n\t\t\t\t\t\t\t\t\t\t\t\t\t\t\t<img decoding=\"async\" src=\"https:\/\/friselva.com\/wp-content\/uploads\/elementor\/thumbs\/Plat-1-qrbx7idce2sunq30wxi2gnaclxfrnb5pzmdtdrr4jc.png\" title=\"Plat\" alt=\"Tu bienestar - plato de  carne con comida saludable\" loading=\"lazy\" \/>\t\t\t\t\t\t\t\t\t\t\t\t\t\t\t<\/div>\n\t\t\t\t<\/div>\n\t\t\t\t<div class=\"elementor-element elementor-element-dc7d865 elementor-widget elementor-widget-heading\" data-id=\"dc7d865\" data-element_type=\"widget\" data-e-type=\"widget\" data-widget_type=\"heading.default\">\n\t\t\t\t<div class=\"elementor-widget-container\">\n\t\t\t\t\t<h3 class=\"elementor-heading-title elementor-size-default\">Recipes<\/h3>\t\t\t\t<\/div>\n\t\t\t\t<\/div>\n\t\t\t\t<div class=\"elementor-element elementor-element-94edcb7 elementor-widget elementor-widget-heading\" data-id=\"94edcb7\" data-element_type=\"widget\" data-e-type=\"widget\" data-widget_type=\"heading.default\">\n\t\t\t\t<div class=\"elementor-widget-container\">\n\t\t\t\t\t<h3 class=\"elementor-heading-title elementor-size-default\">Healthy cooking and eating<\/h3>\t\t\t\t<\/div>\n\t\t\t\t<\/div>\n\t\t\t\t<div class=\"elementor-element elementor-element-93a6b30 elementor-widget-divider--view-line elementor-widget elementor-widget-divider\" data-id=\"93a6b30\" data-element_type=\"widget\" data-e-type=\"widget\" data-widget_type=\"divider.default\">\n\t\t\t\t<div class=\"elementor-widget-container\">\n\t\t\t\t\t\t\t<div class=\"elementor-divider\">\n\t\t\t<span class=\"elementor-divider-separator\">\n\t\t\t\t\t\t<\/span>\n\t\t<\/div>\n\t\t\t\t\t\t<\/div>\n\t\t\t\t<\/div>\n\t\t\t\t<div class=\"elementor-element elementor-element-e322336 elementor-widget elementor-widget-heading\" data-id=\"e322336\" data-element_type=\"widget\" data-e-type=\"widget\" data-widget_type=\"heading.default\">\n\t\t\t\t<div class=\"elementor-widget-container\">\n\t\t\t\t\t<p class=\"elementor-heading-title elementor-size-default\">We\u2019ve compiled a recipe book for you.<\/p>\t\t\t\t<\/div>\n\t\t\t\t<\/div>\n\t\t\t\t\t<\/div>\n\t\t<\/div>\n\t\t\t\t<div class=\"make-column-clickable-elementor elementor-column elementor-col-33 elementor-inner-column elementor-element elementor-element-66a180f\" style=\"cursor: pointer;\" data-column-clickable=\"https:\/\/friselva.com\/nutricion\/\" data-column-clickable-blank=\"_self\" data-id=\"66a180f\" data-element_type=\"column\" data-e-type=\"column\">\n\t\t\t<div class=\"elementor-widget-wrap elementor-element-populated\">\n\t\t\t\t\t\t<div class=\"elementor-element elementor-element-6b3201f image-card elementor-widget elementor-widget-image\" data-id=\"6b3201f\" data-element_type=\"widget\" data-e-type=\"widget\" data-widget_type=\"image.default\">\n\t\t\t\t<div class=\"elementor-widget-container\">\n\t\t\t\t\t\t\t\t\t\t\t\t\t\t\t<img decoding=\"async\" src=\"https:\/\/friselva.com\/wp-content\/uploads\/elementor\/thumbs\/vegetales-scaled-qrbx7zaft3g0gpeg64tcpj0nav4dhv0w1y4k0r21fc.jpg\" title=\"Healthy food. Fresh raw vegetables and spices.\" alt=\"Salud y Bienestar con Friselva. Detalle de ingredientes saludables.\" loading=\"lazy\" \/>\t\t\t\t\t\t\t\t\t\t\t\t\t\t\t<\/div>\n\t\t\t\t<\/div>\n\t\t\t\t<div class=\"elementor-element elementor-element-6763ae2 elementor-widget elementor-widget-heading\" data-id=\"6763ae2\" data-element_type=\"widget\" data-e-type=\"widget\" data-widget_type=\"heading.default\">\n\t\t\t\t<div class=\"elementor-widget-container\">\n\t\t\t\t\t<h3 class=\"elementor-heading-title elementor-size-default\">Nutrition<\/h3>\t\t\t\t<\/div>\n\t\t\t\t<\/div>\n\t\t\t\t<div class=\"elementor-element elementor-element-5dccc7b elementor-widget elementor-widget-heading\" data-id=\"5dccc7b\" data-element_type=\"widget\" data-e-type=\"widget\" data-widget_type=\"heading.default\">\n\t\t\t\t<div class=\"elementor-widget-container\">\n\t\t\t\t\t<h3 class=\"elementor-heading-title elementor-size-default\">The benefits of healthy eating<\/h3>\t\t\t\t<\/div>\n\t\t\t\t<\/div>\n\t\t\t\t<div class=\"elementor-element elementor-element-d186bb8 elementor-widget-divider--view-line elementor-widget elementor-widget-divider\" data-id=\"d186bb8\" data-element_type=\"widget\" data-e-type=\"widget\" data-widget_type=\"divider.default\">\n\t\t\t\t<div class=\"elementor-widget-container\">\n\t\t\t\t\t\t\t<div class=\"elementor-divider\">\n\t\t\t<span class=\"elementor-divider-separator\">\n\t\t\t\t\t\t<\/span>\n\t\t<\/div>\n\t\t\t\t\t\t<\/div>\n\t\t\t\t<\/div>\n\t\t\t\t<div class=\"elementor-element elementor-element-7440a1e elementor-widget elementor-widget-heading\" data-id=\"7440a1e\" data-element_type=\"widget\" data-e-type=\"widget\" data-widget_type=\"heading.default\">\n\t\t\t\t<div class=\"elementor-widget-container\">\n\t\t\t\t\t<p class=\"elementor-heading-title elementor-size-default\">Follow our blog and improve your habits<\/p>\t\t\t\t<\/div>\n\t\t\t\t<\/div>\n\t\t\t\t\t<\/div>\n\t\t<\/div>\n\t\t\t\t<div class=\"make-column-clickable-elementor elementor-column elementor-col-33 elementor-inner-column elementor-element elementor-element-6116ec0\" style=\"cursor: pointer;\" data-column-clickable=\"https:\/\/friselva.com\/salud\/\" data-column-clickable-blank=\"_self\" data-id=\"6116ec0\" data-element_type=\"column\" data-e-type=\"column\">\n\t\t\t<div class=\"elementor-widget-wrap elementor-element-populated\">\n\t\t\t\t\t\t<div class=\"elementor-element elementor-element-30e985c image-card elementor-widget elementor-widget-image\" data-id=\"30e985c\" data-element_type=\"widget\" data-e-type=\"widget\" data-widget_type=\"image.default\">\n\t\t\t\t<div class=\"elementor-widget-container\">\n\t\t\t\t\t\t\t\t\t\t\t\t\t\t\t<img decoding=\"async\" src=\"https:\/\/friselva.com\/wp-content\/uploads\/elementor\/thumbs\/ISS_17053_03055-scaled-qrbx6p8ci7oynt9cn2wmtcn26zfe0oy1jm5ri6ybw8.jpg\" title=\"Cropped shot of young women runner tightening running shoe laces\" alt=\"Tu bienestar - Salud - Imagen para art\u00edculo de h\u00e1bitos saludables: corredor at\u00e1ndose los zapatos\" loading=\"lazy\" \/>\t\t\t\t\t\t\t\t\t\t\t\t\t\t\t<\/div>\n\t\t\t\t<\/div>\n\t\t\t\t<div class=\"elementor-element elementor-element-b4e5c9b elementor-widget elementor-widget-heading\" data-id=\"b4e5c9b\" data-element_type=\"widget\" data-e-type=\"widget\" data-widget_type=\"heading.default\">\n\t\t\t\t<div class=\"elementor-widget-container\">\n\t\t\t\t\t<h3 class=\"elementor-heading-title elementor-size-default\">Health<\/h3>\t\t\t\t<\/div>\n\t\t\t\t<\/div>\n\t\t\t\t<div class=\"elementor-element elementor-element-85a5892 elementor-widget elementor-widget-heading\" data-id=\"85a5892\" data-element_type=\"widget\" data-e-type=\"widget\" data-widget_type=\"heading.default\">\n\t\t\t\t<div class=\"elementor-widget-container\">\n\t\t\t\t\t<h3 class=\"elementor-heading-title elementor-size-default\">Live well,<br \/>take care of yourself<\/h3>\t\t\t\t<\/div>\n\t\t\t\t<\/div>\n\t\t\t\t<div class=\"elementor-element elementor-element-0f28cbb elementor-widget-divider--view-line elementor-widget elementor-widget-divider\" data-id=\"0f28cbb\" data-element_type=\"widget\" data-e-type=\"widget\" data-widget_type=\"divider.default\">\n\t\t\t\t<div class=\"elementor-widget-container\">\n\t\t\t\t\t\t\t<div class=\"elementor-divider\">\n\t\t\t<span class=\"elementor-divider-separator\">\n\t\t\t\t\t\t<\/span>\n\t\t<\/div>\n\t\t\t\t\t\t<\/div>\n\t\t\t\t<\/div>\n\t\t\t\t<div class=\"elementor-element elementor-element-6ca6a3c elementor-widget elementor-widget-heading\" data-id=\"6ca6a3c\" data-element_type=\"widget\" data-e-type=\"widget\" data-widget_type=\"heading.default\">\n\t\t\t\t<div class=\"elementor-widget-container\">\n\t\t\t\t\t<p class=\"elementor-heading-title elementor-size-default\">Improve your physical, mental and social state<\/p>\t\t\t\t<\/div>\n\t\t\t\t<\/div>\n\t\t\t\t\t<\/div>\n\t\t<\/div>\n\t\t\t\t\t<\/div>\n\t\t<\/section>\n\t\t\t\t\t<\/div>\n\t\t<\/div>\n\t\t\t\t\t<\/div>\n\t\t<\/section>\n\t\t\t\t<\/div>\n\t\t","protected":false},"excerpt":{"rendered":"<p>Your well-being We take care of your health with high quality products. Find recipes, tips and information of interest. Recipes Healthy cooking and eating We\u2019ve compiled a recipe book for you. Nutrition The benefits of healthy eating Follow our blog and improve your habits Health&#8230;<\/p>\n","protected":false},"author":1,"featured_media":0,"parent":0,"menu_order":0,"comment_status":"closed","ping_status":"closed","template":"elementor_header_footer","meta":{"footnotes":""},"class_list":["post-5882","page","type-page","status-publish","hentry"],"yoast_head":"<!-- This site is optimized with the Yoast SEO plugin v27.1.1 - https:\/\/yoast.com\/product\/yoast-seo-wordpress\/ -->\n<title>Your well-being - Friselva<\/title>\n<meta name=\"robots\" content=\"index, follow, max-snippet:-1, max-image-preview:large, max-video-preview:-1\" \/>\n<link rel=\"canonical\" href=\"https:\/\/friselva.com\/en\/your-well-being\/\" \/>\n<meta property=\"og:locale\" content=\"en_US\" \/>\n<meta property=\"og:type\" content=\"article\" \/>\n<meta property=\"og:title\" content=\"Your well-being - Friselva\" \/>\n<meta property=\"og:description\" content=\"Your well-being We take care of your health with high quality products. Find recipes, tips and information of interest. Recipes Healthy cooking and eating We\u2019ve compiled a recipe book for you. Nutrition The benefits of healthy eating Follow our blog and improve your habits Health...\" \/>\n<meta property=\"og:url\" content=\"https:\/\/friselva.com\/en\/your-well-being\/\" \/>\n<meta property=\"og:site_name\" content=\"Friselva\" \/>\n<meta property=\"article:publisher\" content=\"https:\/\/www.facebook.com\/p\/FRISELVA-SA-100057094944941\" \/>\n<meta property=\"article:modified_time\" content=\"2021-01-28T08:49:26+00:00\" \/>\n<meta property=\"og:image\" content=\"https:\/\/friselva.com\/wp-content\/uploads\/elementor\/thumbs\/Plat-1-ozj0sndjjvh7al9y25tmxfl7h99dzdjkcf6ni1dgoo.png\" \/>\n<meta name=\"twitter:card\" content=\"summary_large_image\" \/>\n<meta name=\"twitter:site\" content=\"@friselvasa\" \/>\n<meta name=\"twitter:label1\" content=\"Est. reading time\" \/>\n\t<meta name=\"twitter:data1\" content=\"1 minute\" \/>\n<script type=\"application\/ld+json\" class=\"yoast-schema-graph\">{\"@context\":\"https:\/\/schema.org\",\"@graph\":[{\"@type\":\"WebPage\",\"@id\":\"https:\/\/friselva.com\/en\/your-well-being\/\",\"url\":\"https:\/\/friselva.com\/en\/your-well-being\/\",\"name\":\"Your well-being - Friselva\",\"isPartOf\":{\"@id\":\"https:\/\/friselva.com\/en\/#website\"},\"primaryImageOfPage\":{\"@id\":\"https:\/\/friselva.com\/en\/your-well-being\/#primaryimage\"},\"image\":{\"@id\":\"https:\/\/friselva.com\/en\/your-well-being\/#primaryimage\"},\"thumbnailUrl\":\"https:\/\/friselva.com\/wp-content\/uploads\/elementor\/thumbs\/Plat-1-ozj0sndjjvh7al9y25tmxfl7h99dzdjkcf6ni1dgoo.png\",\"datePublished\":\"2020-12-28T09:45:52+00:00\",\"dateModified\":\"2021-01-28T08:49:26+00:00\",\"breadcrumb\":{\"@id\":\"https:\/\/friselva.com\/en\/your-well-being\/#breadcrumb\"},\"inLanguage\":\"en-US\",\"potentialAction\":[{\"@type\":\"ReadAction\",\"target\":[\"https:\/\/friselva.com\/en\/your-well-being\/\"]}]},{\"@type\":\"ImageObject\",\"inLanguage\":\"en-US\",\"@id\":\"https:\/\/friselva.com\/en\/your-well-being\/#primaryimage\",\"url\":\"https:\/\/friselva.com\/wp-content\/uploads\/elementor\/thumbs\/Plat-1-ozj0sndjjvh7al9y25tmxfl7h99dzdjkcf6ni1dgoo.png\",\"contentUrl\":\"https:\/\/friselva.com\/wp-content\/uploads\/elementor\/thumbs\/Plat-1-ozj0sndjjvh7al9y25tmxfl7h99dzdjkcf6ni1dgoo.png\"},{\"@type\":\"BreadcrumbList\",\"@id\":\"https:\/\/friselva.com\/en\/your-well-being\/#breadcrumb\",\"itemListElement\":[{\"@type\":\"ListItem\",\"position\":1,\"name\":\"Portada\",\"item\":\"https:\/\/friselva.com\/en\/\"},{\"@type\":\"ListItem\",\"position\":2,\"name\":\"Your well-being\"}]},{\"@type\":\"WebSite\",\"@id\":\"https:\/\/friselva.com\/en\/#website\",\"url\":\"https:\/\/friselva.com\/en\/\",\"name\":\"Friselva\",\"description\":\"Friselva, matadero y sala de despiece de cerdo y derivados\",\"potentialAction\":[{\"@type\":\"SearchAction\",\"target\":{\"@type\":\"EntryPoint\",\"urlTemplate\":\"https:\/\/friselva.com\/en\/?s={search_term_string}\"},\"query-input\":{\"@type\":\"PropertyValueSpecification\",\"valueRequired\":true,\"valueName\":\"search_term_string\"}}],\"inLanguage\":\"en-US\"}]}<\/script>\n<!-- \/ Yoast SEO plugin. -->","yoast_head_json":{"title":"Your well-being - Friselva","robots":{"index":"index","follow":"follow","max-snippet":"max-snippet:-1","max-image-preview":"max-image-preview:large","max-video-preview":"max-video-preview:-1"},"canonical":"https:\/\/friselva.com\/en\/your-well-being\/","og_locale":"en_US","og_type":"article","og_title":"Your well-being - Friselva","og_description":"Your well-being We take care of your health with high quality products. Find recipes, tips and information of interest. Recipes Healthy cooking and eating We\u2019ve compiled a recipe book for you. Nutrition The benefits of healthy eating Follow our blog and improve your habits Health...","og_url":"https:\/\/friselva.com\/en\/your-well-being\/","og_site_name":"Friselva","article_publisher":"https:\/\/www.facebook.com\/p\/FRISELVA-SA-100057094944941","article_modified_time":"2021-01-28T08:49:26+00:00","og_image":[{"url":"https:\/\/friselva.com\/wp-content\/uploads\/elementor\/thumbs\/Plat-1-ozj0sndjjvh7al9y25tmxfl7h99dzdjkcf6ni1dgoo.png","type":"","width":"","height":""}],"twitter_card":"summary_large_image","twitter_site":"@friselvasa","twitter_misc":{"Est. reading time":"1 minute"},"schema":{"@context":"https:\/\/schema.org","@graph":[{"@type":"WebPage","@id":"https:\/\/friselva.com\/en\/your-well-being\/","url":"https:\/\/friselva.com\/en\/your-well-being\/","name":"Your well-being - Friselva","isPartOf":{"@id":"https:\/\/friselva.com\/en\/#website"},"primaryImageOfPage":{"@id":"https:\/\/friselva.com\/en\/your-well-being\/#primaryimage"},"image":{"@id":"https:\/\/friselva.com\/en\/your-well-being\/#primaryimage"},"thumbnailUrl":"https:\/\/friselva.com\/wp-content\/uploads\/elementor\/thumbs\/Plat-1-ozj0sndjjvh7al9y25tmxfl7h99dzdjkcf6ni1dgoo.png","datePublished":"2020-12-28T09:45:52+00:00","dateModified":"2021-01-28T08:49:26+00:00","breadcrumb":{"@id":"https:\/\/friselva.com\/en\/your-well-being\/#breadcrumb"},"inLanguage":"en-US","potentialAction":[{"@type":"ReadAction","target":["https:\/\/friselva.com\/en\/your-well-being\/"]}]},{"@type":"ImageObject","inLanguage":"en-US","@id":"https:\/\/friselva.com\/en\/your-well-being\/#primaryimage","url":"https:\/\/friselva.com\/wp-content\/uploads\/elementor\/thumbs\/Plat-1-ozj0sndjjvh7al9y25tmxfl7h99dzdjkcf6ni1dgoo.png","contentUrl":"https:\/\/friselva.com\/wp-content\/uploads\/elementor\/thumbs\/Plat-1-ozj0sndjjvh7al9y25tmxfl7h99dzdjkcf6ni1dgoo.png"},{"@type":"BreadcrumbList","@id":"https:\/\/friselva.com\/en\/your-well-being\/#breadcrumb","itemListElement":[{"@type":"ListItem","position":1,"name":"Portada","item":"https:\/\/friselva.com\/en\/"},{"@type":"ListItem","position":2,"name":"Your well-being"}]},{"@type":"WebSite","@id":"https:\/\/friselva.com\/en\/#website","url":"https:\/\/friselva.com\/en\/","name":"Friselva","description":"Friselva, matadero y sala de despiece de cerdo y derivados","potentialAction":[{"@type":"SearchAction","target":{"@type":"EntryPoint","urlTemplate":"https:\/\/friselva.com\/en\/?s={search_term_string}"},"query-input":{"@type":"PropertyValueSpecification","valueRequired":true,"valueName":"search_term_string"}}],"inLanguage":"en-US"}]}},"_links":{"self":[{"href":"https:\/\/friselva.com\/en\/wp-json\/wp\/v2\/pages\/5882","targetHints":{"allow":["GET"]}}],"collection":[{"href":"https:\/\/friselva.com\/en\/wp-json\/wp\/v2\/pages"}],"about":[{"href":"https:\/\/friselva.com\/en\/wp-json\/wp\/v2\/types\/page"}],"author":[{"embeddable":true,"href":"https:\/\/friselva.com\/en\/wp-json\/wp\/v2\/users\/1"}],"replies":[{"embeddable":true,"href":"https:\/\/friselva.com\/en\/wp-json\/wp\/v2\/comments?post=5882"}],"version-history":[{"count":9,"href":"https:\/\/friselva.com\/en\/wp-json\/wp\/v2\/pages\/5882\/revisions"}],"predecessor-version":[{"id":8940,"href":"https:\/\/friselva.com\/en\/wp-json\/wp\/v2\/pages\/5882\/revisions\/8940"}],"wp:attachment":[{"href":"https:\/\/friselva.com\/en\/wp-json\/wp\/v2\/media?parent=5882"}],"curies":[{"name":"wp","href":"https:\/\/api.w.org\/{rel}","templated":true}]}}