{"id":5507,"date":"2020-12-21T16:52:23","date_gmt":"2020-12-21T15:52:23","guid":{"rendered":"https:\/\/friselva.com\/health\/"},"modified":"2020-12-21T16:52:24","modified_gmt":"2020-12-21T15:52:24","slug":"health","status":"publish","type":"page","link":"https:\/\/friselva.com\/en\/health\/","title":{"rendered":"Health"},"content":{"rendered":"\t\t<div data-elementor-type=\"wp-page\" data-elementor-id=\"5507\" class=\"elementor elementor-5507 elementor-3794\" data-elementor-post-type=\"page\">\n\t\t\t\t\t\t<section class=\"elementor-section elementor-top-section elementor-element elementor-element-0e1e8ef elementor-section-full_width elementor-section-height-default elementor-section-height-default parallax_section_no qode_elementor_container_no\" data-id=\"0e1e8ef\" data-element_type=\"section\" data-e-type=\"section\" data-settings=\"{&quot;background_background&quot;:&quot;classic&quot;}\">\n\t\t\t\t\t\t<div class=\"elementor-container elementor-column-gap-no\">\n\t\t\t\t\t<div class=\"elementor-column elementor-col-50 elementor-top-column elementor-element elementor-element-be2c533\" data-id=\"be2c533\" data-element_type=\"column\" data-e-type=\"column\" data-settings=\"{&quot;background_background&quot;:&quot;classic&quot;}\">\n\t\t\t<div class=\"elementor-widget-wrap\">\n\t\t\t\t\t\t\t<\/div>\n\t\t<\/div>\n\t\t\t\t<div class=\"elementor-column elementor-col-50 elementor-top-column elementor-element elementor-element-7c42cf8 nutricionaltura\" data-id=\"7c42cf8\" data-element_type=\"column\" data-e-type=\"column\" data-settings=\"{&quot;background_background&quot;:&quot;classic&quot;}\">\n\t\t\t<div class=\"elementor-widget-wrap\">\n\t\t\t\t\t\t\t<\/div>\n\t\t<\/div>\n\t\t\t\t\t<\/div>\n\t\t<\/section>\n\t\t\t\t<section class=\"elementor-section elementor-top-section elementor-element elementor-element-5a01041 elementor-section-full_width primeranutricion elementor-section-height-default elementor-section-height-default parallax_section_no qode_elementor_container_no\" data-id=\"5a01041\" data-element_type=\"section\" data-e-type=\"section\" data-settings=\"{&quot;background_background&quot;:&quot;classic&quot;}\">\n\t\t\t\t\t\t<div class=\"elementor-container elementor-column-gap-no\">\n\t\t\t\t\t<div class=\"elementor-column elementor-col-100 elementor-top-column elementor-element elementor-element-b1df441\" data-id=\"b1df441\" data-element_type=\"column\" data-e-type=\"column\" data-settings=\"{&quot;background_background&quot;:&quot;classic&quot;}\">\n\t\t\t<div class=\"elementor-widget-wrap elementor-element-populated\">\n\t\t\t\t\t\t<div class=\"elementor-element elementor-element-ed02d06 elementor-widget elementor-widget-heading\" data-id=\"ed02d06\" data-element_type=\"widget\" data-e-type=\"widget\" data-widget_type=\"heading.default\">\n\t\t\t\t<div class=\"elementor-widget-container\">\n\t\t\t\t\t<h3 class=\"elementor-heading-title elementor-size-default\">THE 10 DAILY HABITS YOU SHOULD FOLLOW TO FEEL BETTER<\/h3>\t\t\t\t<\/div>\n\t\t\t\t<\/div>\n\t\t\t\t<div class=\"elementor-element elementor-element-dfcd1e3 elementor-widget elementor-widget-text-editor\" data-id=\"dfcd1e3\" data-element_type=\"widget\" data-e-type=\"widget\" data-widget_type=\"text-editor.default\">\n\t\t\t\t<div class=\"elementor-widget-container\">\n\t\t\t\t\t\t\t\t\t<p>Follow these simple habits and feel good!<\/p>\n\t\t\t\t\t\t\t\t<\/div>\n\t\t\t\t<\/div>\n\t\t\t\t<div class=\"elementor-element elementor-element-9bb8899 elementor-widget elementor-widget-heading\" data-id=\"9bb8899\" data-element_type=\"widget\" data-e-type=\"widget\" data-widget_type=\"heading.default\">\n\t\t\t\t<div class=\"elementor-widget-container\">\n\t\t\t\t\t<p class=\"elementor-heading-title elementor-size-default\"><a href=\"https:\/\/friselva.com\/bienestar-salud\/los-10-habitos-diarios-que-debes-llevar-a-cabo-para-sentir-mejor\/\">+<\/a><\/p>\t\t\t\t<\/div>\n\t\t\t\t<\/div>\n\t\t\t\t\t<\/div>\n\t\t<\/div>\n\t\t\t\t\t<\/div>\n\t\t<\/section>\n\t\t\t\t<section class=\"elementor-section elementor-top-section elementor-element elementor-element-a92b030 elementor-section-boxed elementor-section-height-default elementor-section-height-default parallax_section_no qode_elementor_container_no\" data-id=\"a92b030\" data-element_type=\"section\" data-e-type=\"section\" data-settings=\"{&quot;background_background&quot;:&quot;classic&quot;}\">\n\t\t\t\t\t\t<div class=\"elementor-container elementor-column-gap-default\">\n\t\t\t\t\t<div class=\"elementor-column elementor-col-100 elementor-top-column elementor-element elementor-element-91c9a9d\" data-id=\"91c9a9d\" data-element_type=\"column\" data-e-type=\"column\">\n\t\t\t<div class=\"elementor-widget-wrap elementor-element-populated\">\n\t\t\t\t\t\t<div class=\"elementor-element elementor-element-589d829 amagarprimeraentrada elementor-widget elementor-widget-text-editor\" data-id=\"589d829\" data-element_type=\"widget\" data-e-type=\"widget\" data-widget_type=\"text-editor.default\">\n\t\t\t\t<div class=\"elementor-widget-container\">\n\t\t\t\t\t\t\t\t\t<p><form autocomplete=\"off\" name=\"wpv-filter-3801\" action=\"\/en\/wp-json\/wp\/v2\/pages\/5507?wpv_view_count=3801\" method=\"get\" class=\"wpv-filter-form js-wpv-filter-form js-wpv-filter-form-3801 js-wpv-form-full\" data-viewnumber=\"3801\" data-viewid=\"3801\" data-viewhash=\"eyJuYW1lIjoicG9zdC1zYWx1ZCJ9\" data-viewwidgetid=\"0\" data-orderby=\"\" data-order=\"\" data-orderbyas=\"\" data-orderbysecond=\"\" data-ordersecond=\"\" data-parametric=\"{&quot;query&quot;:&quot;normal&quot;,&quot;id&quot;:3801,&quot;view_id&quot;:3801,&quot;widget_id&quot;:0,&quot;view_hash&quot;:&quot;3801&quot;,&quot;action&quot;:&quot;\\\/en\\\/wp-json\\\/wp\\\/v2\\\/pages\\\/5507?wpv_view_count=3801&quot;,&quot;sort&quot;:{&quot;orderby&quot;:&quot;&quot;,&quot;order&quot;:&quot;&quot;,&quot;orderby_as&quot;:&quot;&quot;,&quot;orderby_second&quot;:&quot;&quot;,&quot;order_second&quot;:&quot;&quot;},&quot;orderby&quot;:&quot;&quot;,&quot;order&quot;:&quot;&quot;,&quot;orderby_as&quot;:&quot;&quot;,&quot;orderby_second&quot;:&quot;&quot;,&quot;order_second&quot;:&quot;&quot;,&quot;ajax_form&quot;:&quot;&quot;,&quot;ajax_results&quot;:&quot;&quot;,&quot;effect&quot;:&quot;fade&quot;,&quot;prebefore&quot;:&quot;&quot;,&quot;before&quot;:&quot;&quot;,&quot;after&quot;:&quot;&quot;,&quot;attributes&quot;:[],&quot;environment&quot;:{&quot;current_post_id&quot;:5507,&quot;parent_post_id&quot;:5507,&quot;parent_term_id&quot;:0,&quot;parent_user_id&quot;:0,&quot;archive&quot;:{&quot;type&quot;:&quot;&quot;,&quot;name&quot;:&quot;&quot;,&quot;data&quot;:[]}},&quot;loop&quot;:{&quot;type&quot;:&quot;&quot;,&quot;name&quot;:&quot;&quot;,&quot;data&quot;:[],&quot;id&quot;:0}}\" data-attributes=\"[]\" data-environment=\"{&quot;current_post_id&quot;:5507,&quot;parent_post_id&quot;:5507,&quot;parent_term_id&quot;:0,&quot;parent_user_id&quot;:0,&quot;archive&quot;:{&quot;type&quot;:&quot;&quot;,&quot;name&quot;:&quot;&quot;,&quot;data&quot;:[]}}\"><input type=\"hidden\" class=\"js-wpv-dps-filter-data js-wpv-filter-data-for-this-form\" data-action=\"\/en\/wp-json\/wp\/v2\/pages\/5507?wpv_view_count=3801\" data-page=\"1\" data-ajax=\"disable\" data-effect=\"fade\" data-maxpages=\"1\" data-ajaxprebefore=\"\" data-ajaxbefore=\"\" data-ajaxafter=\"\" \/><input class=\"wpv_view_count wpv_view_count-3801\" type=\"hidden\" name=\"wpv_view_count\" value=\"3801\" \/>\n\n<\/form>\n<div id=\"wpv-view-layout-3801\" class=\"js-wpv-view-layout js-wpv-layout-responsive js-wpv-view-layout-3801 wpv-pagination js-wpv-layout-has-pagination js-wpv-layout-infinite-scrolling wpv-pagination-preload-images js-wpv-layout-preload-images wpv-pagination-preload-pages js-wpv-layout-preload-pages\" style=\"visibility:hidden;\" data-viewnumber=\"3801\" data-pagination=\"{&quot;id&quot;:3801,&quot;query&quot;:&quot;normal&quot;,&quot;type&quot;:&quot;ajaxed&quot;,&quot;effect&quot;:&quot;infinite&quot;,&quot;duration&quot;:500,&quot;speed&quot;:5,&quot;pause_on_hover&quot;:&quot;disabled&quot;,&quot;stop_rollover&quot;:&quot;false&quot;,&quot;cache_pages&quot;:&quot;enabled&quot;,&quot;preload_images&quot;:&quot;enabled&quot;,&quot;preload_pages&quot;:&quot;enabled&quot;,&quot;preload_reach&quot;:1,&quot;spinner&quot;:&quot;builtin&quot;,&quot;spinner_image&quot;:&quot;&quot;,&quot;callback_next&quot;:&quot;&quot;,&quot;manage_history&quot;:&quot;enabled&quot;,&quot;has_controls_in_form&quot;:&quot;disabled&quot;,&quot;infinite_tolerance&quot;:-9999,&quot;max_pages&quot;:1,&quot;page&quot;:1,&quot;base_permalink&quot;:&quot;\/en\/wp-json\/wp\/v2\/pages\/5507?wpv_view_count=3801&amp;wpv_paged=WPV_PAGE_NUM&quot;,&quot;loop&quot;:{&quot;type&quot;:&quot;&quot;,&quot;name&quot;:&quot;&quot;,&quot;data&quot;:[],&quot;id&quot;:0}}\" data-permalink=\"\/en\/wp-json\/wp\/v2\/pages\/5507?wpv_view_count=3801\">\n\n\t\n\t\n\t<!-- WPV_Infinite_Scroll --><!-- WPV_Infinite_Scroll_Insert -->\n\t\t\n\t\t<div class=\"row \">\n\t\t\t<div class=\"col-md-4\"><a href=\"https:\/\/friselva.com\/en\/bienestar-salud\/the-10-daily-habits-you-should-follow-to-feel-better\/\" rel=\"noreferrer noopener\" class=\"linkreceptes\">\n\n<p class=\"titolfiltrenutricio\">THE 10 DAILY HABITS YOU SHOULD FOLLOW TO FEEL BETTER<\/p>\n<p class=\"textfiltrenutricio\"><\/p>\n<p class=\"botosumanutricio\">+<\/p>\n<\/a><\/div>\n\t\t\n\t\t\n\t\t\t<div class=\"col-md-4\"><a href=\"https:\/\/friselva.com\/en\/bienestar-salud\/consejos-para-conservar-la-carne-en-verano\/\" rel=\"noreferrer noopener\" class=\"linkreceptes\">\n<img fetchpriority=\"high\" fetchpriority=\"high\" fetchpriority=\"high\" decoding=\"async\" width=\"570\" height=\"570\" src=\"https:\/\/friselva.com\/wp-content\/uploads\/2021\/08\/LA-CARNE-Y-LA-EVOLUCION-HUMANA-2-570x570.png\" class=\"attachment-portfolio-square aligncenter\" alt=\"\" title=\"LA CARNE Y LA EVOLUCI\u00d3N HUMANA (2)\" style=\"\" srcset=\"https:\/\/friselva.com\/wp-content\/uploads\/2021\/08\/LA-CARNE-Y-LA-EVOLUCION-HUMANA-2-570x570.png 570w, https:\/\/friselva.com\/wp-content\/uploads\/2021\/08\/LA-CARNE-Y-LA-EVOLUCION-HUMANA-2-300x300.png 300w, https:\/\/friselva.com\/wp-content\/uploads\/2021\/08\/LA-CARNE-Y-LA-EVOLUCION-HUMANA-2-1024x1024.png 1024w, https:\/\/friselva.com\/wp-content\/uploads\/2021\/08\/LA-CARNE-Y-LA-EVOLUCION-HUMANA-2-150x150.png 150w, https:\/\/friselva.com\/wp-content\/uploads\/2021\/08\/LA-CARNE-Y-LA-EVOLUCION-HUMANA-2-768x768.png 768w, https:\/\/friselva.com\/wp-content\/uploads\/2021\/08\/LA-CARNE-Y-LA-EVOLUCION-HUMANA-2-500x500.png 500w, https:\/\/friselva.com\/wp-content\/uploads\/2021\/08\/LA-CARNE-Y-LA-EVOLUCION-HUMANA-2-1000x1000.png 1000w, https:\/\/friselva.com\/wp-content\/uploads\/2021\/08\/LA-CARNE-Y-LA-EVOLUCION-HUMANA-2-700x700.png 700w, https:\/\/friselva.com\/wp-content\/uploads\/2021\/08\/LA-CARNE-Y-LA-EVOLUCION-HUMANA-2-24x24.png 24w, https:\/\/friselva.com\/wp-content\/uploads\/2021\/08\/LA-CARNE-Y-LA-EVOLUCION-HUMANA-2-36x36.png 36w, https:\/\/friselva.com\/wp-content\/uploads\/2021\/08\/LA-CARNE-Y-LA-EVOLUCION-HUMANA-2-48x48.png 48w, https:\/\/friselva.com\/wp-content\/uploads\/2021\/08\/LA-CARNE-Y-LA-EVOLUCION-HUMANA-2.png 1080w\" sizes=\"(max-width: 570px) 100vw, 570px\" \/>\n<p class=\"titolfiltrenutricio\">CONSEJOS PARA CONSERVAR LA CARNE EN VERANO<\/p>\n<p class=\"textfiltrenutricio\">Las altas temperaturas pueden ser un problema para el almacenamiento y conservaci\u00f3n de los alimentos, pero concienci\u00e1ndonos de la importancia de aplicar peque\u00f1as medidas cotidianas conseguiremos que la carne permanezca perfectamente conservada. Seguir estos consejos te ser\u00e1 de gran utilidad:<\/p>\n<p class=\"botosumanutricio\">+<\/p>\n<\/a><\/div>\n\t\t\n\t\t\t<div class=\"col-md-4\"><\/div>\n\t\t<\/div>\n\t<!-- WPV_Infinite_Scroll -->\n\t\n\t\n<div class=\"masrecetas\"><span class=\"wpv-filter-next-link page-link\">M\u00e1s art\u00edculos<\/span><\/div>\n\t\n<\/div>\n<\/p>\n\t\t\t\t\t\t\t\t<\/div>\n\t\t\t\t<\/div>\n\t\t\t\t\t<\/div>\n\t\t<\/div>\n\t\t\t\t\t<\/div>\n\t\t<\/section>\n\t\t\t\t<\/div>\n\t\t","protected":false},"excerpt":{"rendered":"<p>THE 10 DAILY HABITS YOU SHOULD FOLLOW TO FEEL BETTER Follow these simple habits and feel good! +<\/p>\n","protected":false},"author":1,"featured_media":0,"parent":0,"menu_order":0,"comment_status":"closed","ping_status":"closed","template":"elementor_header_footer","meta":{"footnotes":""},"class_list":["post-5507","page","type-page","status-publish","hentry"],"yoast_head":"<!-- This site is optimized with the Yoast SEO plugin v27.1.1 - https:\/\/yoast.com\/product\/yoast-seo-wordpress\/ -->\n<title>Health - Friselva<\/title>\n<meta name=\"robots\" content=\"index, follow, max-snippet:-1, max-image-preview:large, max-video-preview:-1\" \/>\n<link rel=\"canonical\" href=\"https:\/\/friselva.com\/en\/health\/\" \/>\n<meta property=\"og:locale\" content=\"en_US\" \/>\n<meta property=\"og:type\" content=\"article\" \/>\n<meta property=\"og:title\" content=\"Health - Friselva\" \/>\n<meta property=\"og:description\" content=\"THE 10 DAILY HABITS YOU SHOULD FOLLOW TO FEEL BETTER Follow these simple habits and feel good! +\" \/>\n<meta property=\"og:url\" content=\"https:\/\/friselva.com\/en\/health\/\" \/>\n<meta property=\"og:site_name\" content=\"Friselva\" \/>\n<meta property=\"article:publisher\" content=\"https:\/\/www.facebook.com\/p\/FRISELVA-SA-100057094944941\" \/>\n<meta property=\"article:modified_time\" content=\"2020-12-21T15:52:24+00:00\" \/>\n<meta name=\"twitter:card\" content=\"summary_large_image\" \/>\n<meta name=\"twitter:site\" content=\"@friselvasa\" \/>\n<script type=\"application\/ld+json\" class=\"yoast-schema-graph\">{\"@context\":\"https:\/\/schema.org\",\"@graph\":[{\"@type\":\"WebPage\",\"@id\":\"https:\/\/friselva.com\/en\/health\/\",\"url\":\"https:\/\/friselva.com\/en\/health\/\",\"name\":\"Health - Friselva\",\"isPartOf\":{\"@id\":\"https:\/\/friselva.com\/en\/#website\"},\"datePublished\":\"2020-12-21T15:52:23+00:00\",\"dateModified\":\"2020-12-21T15:52:24+00:00\",\"breadcrumb\":{\"@id\":\"https:\/\/friselva.com\/en\/health\/#breadcrumb\"},\"inLanguage\":\"en-US\",\"potentialAction\":[{\"@type\":\"ReadAction\",\"target\":[\"https:\/\/friselva.com\/en\/health\/\"]}]},{\"@type\":\"BreadcrumbList\",\"@id\":\"https:\/\/friselva.com\/en\/health\/#breadcrumb\",\"itemListElement\":[{\"@type\":\"ListItem\",\"position\":1,\"name\":\"Portada\",\"item\":\"https:\/\/friselva.com\/en\/\"},{\"@type\":\"ListItem\",\"position\":2,\"name\":\"Health\"}]},{\"@type\":\"WebSite\",\"@id\":\"https:\/\/friselva.com\/en\/#website\",\"url\":\"https:\/\/friselva.com\/en\/\",\"name\":\"Friselva\",\"description\":\"Friselva, matadero y sala de despiece de cerdo y derivados\",\"potentialAction\":[{\"@type\":\"SearchAction\",\"target\":{\"@type\":\"EntryPoint\",\"urlTemplate\":\"https:\/\/friselva.com\/en\/?s={search_term_string}\"},\"query-input\":{\"@type\":\"PropertyValueSpecification\",\"valueRequired\":true,\"valueName\":\"search_term_string\"}}],\"inLanguage\":\"en-US\"}]}<\/script>\n<!-- \/ Yoast SEO plugin. -->","yoast_head_json":{"title":"Health - Friselva","robots":{"index":"index","follow":"follow","max-snippet":"max-snippet:-1","max-image-preview":"max-image-preview:large","max-video-preview":"max-video-preview:-1"},"canonical":"https:\/\/friselva.com\/en\/health\/","og_locale":"en_US","og_type":"article","og_title":"Health - Friselva","og_description":"THE 10 DAILY HABITS YOU SHOULD FOLLOW TO FEEL BETTER Follow these simple habits and feel good! +","og_url":"https:\/\/friselva.com\/en\/health\/","og_site_name":"Friselva","article_publisher":"https:\/\/www.facebook.com\/p\/FRISELVA-SA-100057094944941","article_modified_time":"2020-12-21T15:52:24+00:00","twitter_card":"summary_large_image","twitter_site":"@friselvasa","schema":{"@context":"https:\/\/schema.org","@graph":[{"@type":"WebPage","@id":"https:\/\/friselva.com\/en\/health\/","url":"https:\/\/friselva.com\/en\/health\/","name":"Health - Friselva","isPartOf":{"@id":"https:\/\/friselva.com\/en\/#website"},"datePublished":"2020-12-21T15:52:23+00:00","dateModified":"2020-12-21T15:52:24+00:00","breadcrumb":{"@id":"https:\/\/friselva.com\/en\/health\/#breadcrumb"},"inLanguage":"en-US","potentialAction":[{"@type":"ReadAction","target":["https:\/\/friselva.com\/en\/health\/"]}]},{"@type":"BreadcrumbList","@id":"https:\/\/friselva.com\/en\/health\/#breadcrumb","itemListElement":[{"@type":"ListItem","position":1,"name":"Portada","item":"https:\/\/friselva.com\/en\/"},{"@type":"ListItem","position":2,"name":"Health"}]},{"@type":"WebSite","@id":"https:\/\/friselva.com\/en\/#website","url":"https:\/\/friselva.com\/en\/","name":"Friselva","description":"Friselva, matadero y sala de despiece de cerdo y derivados","potentialAction":[{"@type":"SearchAction","target":{"@type":"EntryPoint","urlTemplate":"https:\/\/friselva.com\/en\/?s={search_term_string}"},"query-input":{"@type":"PropertyValueSpecification","valueRequired":true,"valueName":"search_term_string"}}],"inLanguage":"en-US"}]}},"_links":{"self":[{"href":"https:\/\/friselva.com\/en\/wp-json\/wp\/v2\/pages\/5507","targetHints":{"allow":["GET"]}}],"collection":[{"href":"https:\/\/friselva.com\/en\/wp-json\/wp\/v2\/pages"}],"about":[{"href":"https:\/\/friselva.com\/en\/wp-json\/wp\/v2\/types\/page"}],"author":[{"embeddable":true,"href":"https:\/\/friselva.com\/en\/wp-json\/wp\/v2\/users\/1"}],"replies":[{"embeddable":true,"href":"https:\/\/friselva.com\/en\/wp-json\/wp\/v2\/comments?post=5507"}],"version-history":[{"count":1,"href":"https:\/\/friselva.com\/en\/wp-json\/wp\/v2\/pages\/5507\/revisions"}],"predecessor-version":[{"id":5508,"href":"https:\/\/friselva.com\/en\/wp-json\/wp\/v2\/pages\/5507\/revisions\/5508"}],"wp:attachment":[{"href":"https:\/\/friselva.com\/en\/wp-json\/wp\/v2\/media?parent=5507"}],"curies":[{"name":"wp","href":"https:\/\/api.w.org\/{rel}","templated":true}]}}