{"id":6693,"date":"2021-01-13T13:16:25","date_gmt":"2021-01-13T12:16:25","guid":{"rendered":"https:\/\/friselva.com\/geschichte\/"},"modified":"2021-03-05T13:11:34","modified_gmt":"2021-03-05T12:11:34","slug":"geschichte","status":"publish","type":"page","link":"https:\/\/friselva.com\/de\/geschichte\/","title":{"rendered":"Geschichte"},"content":{"rendered":"\t\t<div data-elementor-type=\"wp-page\" data-elementor-id=\"6693\" class=\"elementor elementor-6693 elementor-141\" data-elementor-post-type=\"page\">\n\t\t\t\t\t\t<section class=\"elementor-section elementor-top-section elementor-element elementor-element-3e8c338 elementor-section-full_width elementor-section-height-default elementor-section-height-default parallax_section_no qode_elementor_container_no\" data-id=\"3e8c338\" data-element_type=\"section\" data-e-type=\"section\" data-settings=\"{&quot;background_background&quot;:&quot;classic&quot;}\">\n\t\t\t\t\t\t<div class=\"elementor-container elementor-column-gap-no\">\n\t\t\t\t\t<div class=\"elementor-column elementor-col-100 elementor-top-column elementor-element elementor-element-e2e9c5f\" data-id=\"e2e9c5f\" data-element_type=\"column\" data-e-type=\"column\">\n\t\t\t<div class=\"elementor-widget-wrap elementor-element-populated\">\n\t\t\t\t\t\t<section class=\"elementor-section elementor-inner-section elementor-element elementor-element-0a5925a elementor-section-full_width elementor-section-height-min-height elementor-section-height-default parallax_section_no qode_elementor_container_no\" data-id=\"0a5925a\" data-element_type=\"section\" data-e-type=\"section\" data-settings=\"{&quot;background_background&quot;:&quot;classic&quot;}\">\n\t\t\t\t\t\t<div class=\"elementor-container elementor-column-gap-default\">\n\t\t\t\t\t<div class=\"elementor-column elementor-col-50 elementor-inner-column elementor-element elementor-element-c0b08ce\" data-id=\"c0b08ce\" data-element_type=\"column\" data-e-type=\"column\">\n\t\t\t<div class=\"elementor-widget-wrap elementor-element-populated\">\n\t\t\t\t\t\t<div class=\"elementor-element elementor-element-7c52777 elementor-widget elementor-widget-heading\" data-id=\"7c52777\" data-element_type=\"widget\" data-e-type=\"widget\" data-widget_type=\"heading.default\">\n\t\t\t\t<div class=\"elementor-widget-container\">\n\t\t\t\t\t<h1 class=\"elementor-heading-title elementor-size-default\">Geschichte<\/h1>\t\t\t\t<\/div>\n\t\t\t\t<\/div>\n\t\t\t\t<div class=\"elementor-element elementor-element-9ac9c04 elementor-widget-divider--view-line elementor-widget elementor-widget-divider\" data-id=\"9ac9c04\" data-element_type=\"widget\" data-e-type=\"widget\" data-widget_type=\"divider.default\">\n\t\t\t\t<div class=\"elementor-widget-container\">\n\t\t\t\t\t\t\t<div class=\"elementor-divider\">\n\t\t\t<span class=\"elementor-divider-separator\">\n\t\t\t\t\t\t<\/span>\n\t\t<\/div>\n\t\t\t\t\t\t<\/div>\n\t\t\t\t<\/div>\n\t\t\t\t<div class=\"elementor-element elementor-element-cc22e09 elementor-widget elementor-widget-text-editor\" data-id=\"cc22e09\" data-element_type=\"widget\" data-e-type=\"widget\" data-widget_type=\"text-editor.default\">\n\t\t\t\t<div class=\"elementor-widget-container\">\n\t\t\t\t\t\t\t\t\t<p>Im Jahr 1950 begann Miquel Rami\u00f3 Serra seinen Werdegang als Viehh\u00e4ndler. Einige Jahre sp\u00e4ter sah er die Gelegenheit, in der Gemeinde Sant Jordi Desvalls einen Zerlegungsbetrieb zu bauen, und holte zudem seinen Sohn Miquel Rami\u00f3 Costa in das Unternehmen. Mit diesem Schritt legte Herr Rami\u00f3 Serra den Grundstein f\u00fcr FRISELVA, wie sich das Unternehmen sp\u00e4ter nennen sollte.<\/p>\n<p>Die Aktivit\u00e4t nahm zu und der Zerlegungsbetrieb musste nach Riudellots de la Selva verlegt werden, wo zudem ein Schlachthof integriert werden konnte. Das Ergebnis dieser Integration und der neuen Anlage war die Entstehung des heutigen Unternehmens FRISELVA.<\/p>\n<p>In den letzten Jahrzehnten sind sowohl die Zahlen als auch die Substanz des Unternehmens weiter gewachsen. Unter Beibehaltung des famili\u00e4ren Charakters streben wir danach, unseren Kunden die beste Qualit\u00e4t und den besten Service zu bieten. Wir setzen auf kontinuierliche Verbesserung und die vollst\u00e4ndige vertikale Integration. Dazu verfolgen wir die Strategie der europ\u00e4ischen Richtlinie <b>\u201eVom Hof auf den Tisch\u201c<\/b>. Die Bem\u00fchungen und das Engagement des gesamten Teams von FRISELVA haben dem Unternehmen die Anerkennung des Sektors der Schweinefleischherstellung und -verarbeitung eingebracht.<\/p>\n\t\t\t\t\t\t\t\t<\/div>\n\t\t\t\t<\/div>\n\t\t\t\t\t<\/div>\n\t\t<\/div>\n\t\t\t\t<div class=\"elementor-column elementor-col-50 elementor-inner-column elementor-element elementor-element-bd11c0a\" data-id=\"bd11c0a\" data-element_type=\"column\" data-e-type=\"column\">\n\t\t\t<div class=\"elementor-widget-wrap\">\n\t\t\t\t\t\t\t<\/div>\n\t\t<\/div>\n\t\t\t\t\t<\/div>\n\t\t<\/section>\n\t\t\t\t\t<\/div>\n\t\t<\/div>\n\t\t\t\t\t<\/div>\n\t\t<\/section>\n\t\t\t\t<section class=\"elementor-section elementor-top-section elementor-element elementor-element-c2e8faf elementor-section-full_width elementor-hidden-phone elementor-section-height-default elementor-section-height-default parallax_section_no qode_elementor_container_no\" data-id=\"c2e8faf\" data-element_type=\"section\" data-e-type=\"section\" data-settings=\"{&quot;background_background&quot;:&quot;classic&quot;}\">\n\t\t\t\t\t\t<div class=\"elementor-container elementor-column-gap-no\">\n\t\t\t\t\t<div class=\"elementor-column elementor-col-100 elementor-top-column elementor-element elementor-element-97f62c4\" data-id=\"97f62c4\" data-element_type=\"column\" data-e-type=\"column\" data-settings=\"{&quot;motion_fx_motion_fx_scrolling&quot;:&quot;yes&quot;,&quot;motion_fx_translateY_effect&quot;:&quot;yes&quot;,&quot;motion_fx_translateY_affectedRange&quot;:{&quot;unit&quot;:&quot;%&quot;,&quot;size&quot;:&quot;&quot;,&quot;sizes&quot;:{&quot;start&quot;:0,&quot;end&quot;:50}},&quot;motion_fx_translateY_speed&quot;:{&quot;unit&quot;:&quot;px&quot;,&quot;size&quot;:4,&quot;sizes&quot;:[]},&quot;motion_fx_devices&quot;:[&quot;desktop&quot;,&quot;tablet&quot;,&quot;mobile&quot;]}\">\n\t\t\t<div class=\"elementor-widget-wrap elementor-element-populated\">\n\t\t\t\t\t\t<div class=\"elementor-element elementor-element-0b0804b elementor-skin-carousel elementor-arrows-yes elementor-widget elementor-widget-media-carousel\" data-id=\"0b0804b\" data-element_type=\"widget\" data-e-type=\"widget\" data-settings=\"{&quot;slides_per_view&quot;:&quot;1&quot;,&quot;slides_to_scroll&quot;:&quot;1&quot;,&quot;skin&quot;:&quot;carousel&quot;,&quot;effect&quot;:&quot;slide&quot;,&quot;show_arrows&quot;:&quot;yes&quot;,&quot;speed&quot;:500,&quot;autoplay&quot;:&quot;yes&quot;,&quot;autoplay_speed&quot;:5000,&quot;loop&quot;:&quot;yes&quot;,&quot;pause_on_hover&quot;:&quot;yes&quot;,&quot;pause_on_interaction&quot;:&quot;yes&quot;,&quot;space_between&quot;:{&quot;unit&quot;:&quot;px&quot;,&quot;size&quot;:10,&quot;sizes&quot;:[]},&quot;space_between_tablet&quot;:{&quot;unit&quot;:&quot;px&quot;,&quot;size&quot;:10,&quot;sizes&quot;:[]},&quot;space_between_mobile&quot;:{&quot;unit&quot;:&quot;px&quot;,&quot;size&quot;:10,&quot;sizes&quot;:[]}}\" data-widget_type=\"media-carousel.default\">\n\t\t\t\t<div class=\"elementor-widget-container\">\n\t\t\t\t\t\t\t\t\t<div class=\"elementor-swiper\">\n\t\t\t\t\t<div class=\"elementor-main-swiper swiper\" role=\"region\" aria-roledescription=\"carousel\" aria-label=\"Slider\">\n\t\t\t\t<div class=\"swiper-wrapper\">\n\t\t\t\t\t\t\t\t\t\t\t<div class=\"swiper-slide\" role=\"group\" aria-roledescription=\"slide\">\n\t\t\t\t\t\t\t\t\t<div class=\"elementor-carousel-image\" role=\"img\" aria-label=\"Historia_retocada_2\" style=\"background-image: url(&#039;https:\/\/friselva.com\/wp-content\/uploads\/2021\/03\/Historia_retocada_2.jpg&#039;)\">\n\n\t\t\t\n\t\t\t\t\t<\/div>\n\t\t\t\t\t\t\t\t<\/div>\n\t\t\t\t\t\t\t\t\t<\/div>\n\t\t\t\t\t\t\t<\/div>\n\t\t\t\t<\/div>\n\t\t\t\t\t\t\t\t<\/div>\n\t\t\t\t<\/div>\n\t\t\t\t\t<\/div>\n\t\t<\/div>\n\t\t\t\t\t<\/div>\n\t\t<\/section>\n\t\t\t\t<section class=\"elementor-section elementor-top-section elementor-element elementor-element-e9c3bfe elementor-section-full_width elementor-section-height-default elementor-section-height-default parallax_section_no qode_elementor_container_no\" data-id=\"e9c3bfe\" data-element_type=\"section\" data-e-type=\"section\" data-settings=\"{&quot;background_background&quot;:&quot;classic&quot;}\">\n\t\t\t\t\t\t<div class=\"elementor-container elementor-column-gap-no\">\n\t\t\t\t\t<div class=\"elementor-column elementor-col-50 elementor-top-column elementor-element elementor-element-a3135a9 elementor-hidden-phone\" data-id=\"a3135a9\" data-element_type=\"column\" data-e-type=\"column\" data-settings=\"{&quot;background_background&quot;:&quot;classic&quot;}\">\n\t\t\t<div class=\"elementor-widget-wrap\">\n\t\t\t\t\t\t\t<\/div>\n\t\t<\/div>\n\t\t\t\t<div class=\"elementor-column elementor-col-50 elementor-top-column elementor-element elementor-element-b0c1d9f\" data-id=\"b0c1d9f\" data-element_type=\"column\" data-e-type=\"column\">\n\t\t\t<div class=\"elementor-widget-wrap elementor-element-populated\">\n\t\t\t\t\t\t<div class=\"elementor-element elementor-element-dd9e129 elementor-widget elementor-widget-heading\" data-id=\"dd9e129\" data-element_type=\"widget\" data-e-type=\"widget\" data-widget_type=\"heading.default\">\n\t\t\t\t<div class=\"elementor-widget-container\">\n\t\t\t\t\t<h2 class=\"elementor-heading-title elementor-size-default\">Zeitleiste<\/h2>\t\t\t\t<\/div>\n\t\t\t\t<\/div>\n\t\t\t\t<div class=\"elementor-element elementor-element-0d7b7f5 elementor-widget-divider--view-line elementor-widget elementor-widget-divider\" data-id=\"0d7b7f5\" data-element_type=\"widget\" data-e-type=\"widget\" data-widget_type=\"divider.default\">\n\t\t\t\t<div class=\"elementor-widget-container\">\n\t\t\t\t\t\t\t<div class=\"elementor-divider\">\n\t\t\t<span class=\"elementor-divider-separator\">\n\t\t\t\t\t\t<\/span>\n\t\t<\/div>\n\t\t\t\t\t\t<\/div>\n\t\t\t\t<\/div>\n\t\t\t\t<div class=\"elementor-element elementor-element-1b42503 elementor-arrows-position-inside elementor-widget elementor-widget-image-carousel\" data-id=\"1b42503\" data-element_type=\"widget\" data-e-type=\"widget\" data-settings=\"{&quot;slides_to_show&quot;:&quot;1&quot;,&quot;navigation&quot;:&quot;arrows&quot;,&quot;infinite&quot;:&quot;no&quot;,&quot;slides_to_show_mobile&quot;:&quot;1&quot;,&quot;autoplay&quot;:&quot;yes&quot;,&quot;pause_on_hover&quot;:&quot;yes&quot;,&quot;pause_on_interaction&quot;:&quot;yes&quot;,&quot;autoplay_speed&quot;:5000,&quot;effect&quot;:&quot;slide&quot;,&quot;speed&quot;:500}\" data-widget_type=\"image-carousel.default\">\n\t\t\t\t<div class=\"elementor-widget-container\">\n\t\t\t\t\t\t\t<div class=\"elementor-image-carousel-wrapper swiper\" role=\"region\" aria-roledescription=\"carousel\" aria-label=\"Bild Karussell\" dir=\"ltr\">\n\t\t\t<div class=\"elementor-image-carousel swiper-wrapper\" aria-live=\"off\">\n\t\t\t\t\t\t\t\t<div class=\"swiper-slide\" role=\"group\" aria-roledescription=\"slide\" aria-label=\"1 von 3\"><figure class=\"swiper-slide-inner\"><img decoding=\"async\" class=\"swiper-slide-image\" src=\"https:\/\/friselva.com\/wp-content\/uploads\/2021\/01\/Geschichte-zeitleiste-Friselva-DEU_210121-3-scaled.jpg\" alt=\"Geschichte zeitleiste - Friselva DEU_210121 3\" \/><\/figure><\/div><div class=\"swiper-slide\" role=\"group\" aria-roledescription=\"slide\" aria-label=\"2 von 3\"><figure class=\"swiper-slide-inner\"><img decoding=\"async\" class=\"swiper-slide-image\" src=\"https:\/\/friselva.com\/wp-content\/uploads\/2021\/01\/Geschichte-zeitleiste-Friselva-DEU_210121-scaled.jpg\" alt=\"Geschichte zeitleiste - Friselva DEU_210121\" \/><\/figure><\/div><div class=\"swiper-slide\" role=\"group\" aria-roledescription=\"slide\" aria-label=\"3 von 3\"><figure class=\"swiper-slide-inner\"><img decoding=\"async\" class=\"swiper-slide-image\" src=\"https:\/\/friselva.com\/wp-content\/uploads\/2021\/01\/Geschichte-zeitleiste-Friselva-DEU_210121-2-scaled.jpg\" alt=\"Geschichte zeitleiste - Friselva DEU_210121 2\" \/><\/figure><\/div>\t\t\t<\/div>\n\t\t\t\t\t\t\t\t\t\t\t\t<div class=\"elementor-swiper-button elementor-swiper-button-prev\" role=\"button\" tabindex=\"0\">\n\t\t\t\t\t\t<i aria-hidden=\"true\" class=\"eicon-chevron-left\"><\/i>\t\t\t\t\t<\/div>\n\t\t\t\t\t<div class=\"elementor-swiper-button elementor-swiper-button-next\" role=\"button\" tabindex=\"0\">\n\t\t\t\t\t\t<i aria-hidden=\"true\" class=\"eicon-chevron-right\"><\/i>\t\t\t\t\t<\/div>\n\t\t\t\t\n\t\t\t\t\t\t\t\t\t<\/div>\n\t\t\t\t\t\t<\/div>\n\t\t\t\t<\/div>\n\t\t\t\t\t<\/div>\n\t\t<\/div>\n\t\t\t\t\t<\/div>\n\t\t<\/section>\n\t\t\t\t<\/div>\n\t\t","protected":false},"excerpt":{"rendered":"<p>Geschichte Im Jahr 1950 begann Miquel Rami\u00f3 Serra seinen Werdegang als Viehh\u00e4ndler. Einige Jahre sp\u00e4ter sah er die Gelegenheit, in der Gemeinde Sant Jordi Desvalls einen Zerlegungsbetrieb zu bauen, und holte zudem seinen Sohn Miquel Rami\u00f3 Costa in das Unternehmen. Mit diesem Schritt legte Herr&#8230;<\/p>\n","protected":false},"author":1,"featured_media":0,"parent":0,"menu_order":0,"comment_status":"closed","ping_status":"closed","template":"elementor_header_footer","meta":{"footnotes":""},"class_list":["post-6693","page","type-page","status-publish","hentry"],"yoast_head":"<!-- This site is optimized with the Yoast SEO plugin v27.1.1 - https:\/\/yoast.com\/product\/yoast-seo-wordpress\/ -->\n<title>Die Geschichte von Friselva -<\/title>\n<meta name=\"description\" content=\"Unsere Geschichte beginnt im Jahr 1950, als Miquel Rami\u00f3 Serra seine Karriere als Viehh\u00e4ndler begann und die Basen von Friselva aufbaute\" \/>\n<meta name=\"robots\" content=\"index, follow, max-snippet:-1, max-image-preview:large, max-video-preview:-1\" \/>\n<link rel=\"canonical\" href=\"https:\/\/friselva.com\/de\/geschichte\/\" \/>\n<meta property=\"og:locale\" content=\"de_DE\" \/>\n<meta property=\"og:type\" content=\"article\" \/>\n<meta property=\"og:title\" content=\"Die Geschichte von Friselva -\" \/>\n<meta property=\"og:description\" content=\"Unsere Geschichte beginnt im Jahr 1950, als Miquel Rami\u00f3 Serra seine Karriere als Viehh\u00e4ndler begann und die Basen von Friselva aufbaute\" \/>\n<meta property=\"og:url\" content=\"https:\/\/friselva.com\/de\/geschichte\/\" \/>\n<meta property=\"og:site_name\" content=\"Friselva\" \/>\n<meta property=\"article:publisher\" content=\"https:\/\/www.facebook.com\/p\/FRISELVA-SA-100057094944941\" \/>\n<meta property=\"article:modified_time\" content=\"2021-03-05T12:11:34+00:00\" \/>\n<meta property=\"og:image\" content=\"https:\/\/friselva.com\/wp-content\/uploads\/2021\/01\/Geschichte-zeitleiste-Friselva-DEU_210121-3-scaled.jpg\" \/>\n<meta name=\"twitter:card\" content=\"summary_large_image\" \/>\n<meta name=\"twitter:site\" content=\"@friselvasa\" \/>\n<meta name=\"twitter:label1\" content=\"Gesch\u00e4tzte Lesezeit\" \/>\n\t<meta name=\"twitter:data1\" content=\"2\u00a0Minuten\" \/>\n<script type=\"application\/ld+json\" class=\"yoast-schema-graph\">{\"@context\":\"https:\/\/schema.org\",\"@graph\":[{\"@type\":\"WebPage\",\"@id\":\"https:\/\/friselva.com\/de\/geschichte\/\",\"url\":\"https:\/\/friselva.com\/de\/geschichte\/\",\"name\":\"Die Geschichte von Friselva -\",\"isPartOf\":{\"@id\":\"https:\/\/friselva.com\/de\/#website\"},\"primaryImageOfPage\":{\"@id\":\"https:\/\/friselva.com\/de\/geschichte\/#primaryimage\"},\"image\":{\"@id\":\"https:\/\/friselva.com\/de\/geschichte\/#primaryimage\"},\"thumbnailUrl\":\"https:\/\/friselva.com\/wp-content\/uploads\/2021\/01\/Geschichte-zeitleiste-Friselva-DEU_210121-3-scaled.jpg\",\"datePublished\":\"2021-01-13T12:16:25+00:00\",\"dateModified\":\"2021-03-05T12:11:34+00:00\",\"description\":\"Unsere Geschichte beginnt im Jahr 1950, als Miquel Rami\u00f3 Serra seine Karriere als Viehh\u00e4ndler begann und die Basen von Friselva aufbaute\",\"breadcrumb\":{\"@id\":\"https:\/\/friselva.com\/de\/geschichte\/#breadcrumb\"},\"inLanguage\":\"de\",\"potentialAction\":[{\"@type\":\"ReadAction\",\"target\":[\"https:\/\/friselva.com\/de\/geschichte\/\"]}]},{\"@type\":\"ImageObject\",\"inLanguage\":\"de\",\"@id\":\"https:\/\/friselva.com\/de\/geschichte\/#primaryimage\",\"url\":\"https:\/\/friselva.com\/wp-content\/uploads\/2021\/01\/Geschichte-zeitleiste-Friselva-DEU_210121-3-scaled.jpg\",\"contentUrl\":\"https:\/\/friselva.com\/wp-content\/uploads\/2021\/01\/Geschichte-zeitleiste-Friselva-DEU_210121-3-scaled.jpg\"},{\"@type\":\"BreadcrumbList\",\"@id\":\"https:\/\/friselva.com\/de\/geschichte\/#breadcrumb\",\"itemListElement\":[{\"@type\":\"ListItem\",\"position\":1,\"name\":\"Portada\",\"item\":\"https:\/\/friselva.com\/de\/\"},{\"@type\":\"ListItem\",\"position\":2,\"name\":\"Geschichte\"}]},{\"@type\":\"WebSite\",\"@id\":\"https:\/\/friselva.com\/de\/#website\",\"url\":\"https:\/\/friselva.com\/de\/\",\"name\":\"Friselva\",\"description\":\"Friselva, matadero y sala de despiece de cerdo y derivados\",\"potentialAction\":[{\"@type\":\"SearchAction\",\"target\":{\"@type\":\"EntryPoint\",\"urlTemplate\":\"https:\/\/friselva.com\/de\/?s={search_term_string}\"},\"query-input\":{\"@type\":\"PropertyValueSpecification\",\"valueRequired\":true,\"valueName\":\"search_term_string\"}}],\"inLanguage\":\"de\"}]}<\/script>\n<!-- \/ Yoast SEO plugin. -->","yoast_head_json":{"title":"Die Geschichte von Friselva -","description":"Unsere Geschichte beginnt im Jahr 1950, als Miquel Rami\u00f3 Serra seine Karriere als Viehh\u00e4ndler begann und die Basen von Friselva aufbaute","robots":{"index":"index","follow":"follow","max-snippet":"max-snippet:-1","max-image-preview":"max-image-preview:large","max-video-preview":"max-video-preview:-1"},"canonical":"https:\/\/friselva.com\/de\/geschichte\/","og_locale":"de_DE","og_type":"article","og_title":"Die Geschichte von Friselva -","og_description":"Unsere Geschichte beginnt im Jahr 1950, als Miquel Rami\u00f3 Serra seine Karriere als Viehh\u00e4ndler begann und die Basen von Friselva aufbaute","og_url":"https:\/\/friselva.com\/de\/geschichte\/","og_site_name":"Friselva","article_publisher":"https:\/\/www.facebook.com\/p\/FRISELVA-SA-100057094944941","article_modified_time":"2021-03-05T12:11:34+00:00","og_image":[{"url":"https:\/\/friselva.com\/wp-content\/uploads\/2021\/01\/Geschichte-zeitleiste-Friselva-DEU_210121-3-scaled.jpg","type":"","width":"","height":""}],"twitter_card":"summary_large_image","twitter_site":"@friselvasa","twitter_misc":{"Gesch\u00e4tzte Lesezeit":"2\u00a0Minuten"},"schema":{"@context":"https:\/\/schema.org","@graph":[{"@type":"WebPage","@id":"https:\/\/friselva.com\/de\/geschichte\/","url":"https:\/\/friselva.com\/de\/geschichte\/","name":"Die Geschichte von Friselva -","isPartOf":{"@id":"https:\/\/friselva.com\/de\/#website"},"primaryImageOfPage":{"@id":"https:\/\/friselva.com\/de\/geschichte\/#primaryimage"},"image":{"@id":"https:\/\/friselva.com\/de\/geschichte\/#primaryimage"},"thumbnailUrl":"https:\/\/friselva.com\/wp-content\/uploads\/2021\/01\/Geschichte-zeitleiste-Friselva-DEU_210121-3-scaled.jpg","datePublished":"2021-01-13T12:16:25+00:00","dateModified":"2021-03-05T12:11:34+00:00","description":"Unsere Geschichte beginnt im Jahr 1950, als Miquel Rami\u00f3 Serra seine Karriere als Viehh\u00e4ndler begann und die Basen von Friselva aufbaute","breadcrumb":{"@id":"https:\/\/friselva.com\/de\/geschichte\/#breadcrumb"},"inLanguage":"de","potentialAction":[{"@type":"ReadAction","target":["https:\/\/friselva.com\/de\/geschichte\/"]}]},{"@type":"ImageObject","inLanguage":"de","@id":"https:\/\/friselva.com\/de\/geschichte\/#primaryimage","url":"https:\/\/friselva.com\/wp-content\/uploads\/2021\/01\/Geschichte-zeitleiste-Friselva-DEU_210121-3-scaled.jpg","contentUrl":"https:\/\/friselva.com\/wp-content\/uploads\/2021\/01\/Geschichte-zeitleiste-Friselva-DEU_210121-3-scaled.jpg"},{"@type":"BreadcrumbList","@id":"https:\/\/friselva.com\/de\/geschichte\/#breadcrumb","itemListElement":[{"@type":"ListItem","position":1,"name":"Portada","item":"https:\/\/friselva.com\/de\/"},{"@type":"ListItem","position":2,"name":"Geschichte"}]},{"@type":"WebSite","@id":"https:\/\/friselva.com\/de\/#website","url":"https:\/\/friselva.com\/de\/","name":"Friselva","description":"Friselva, matadero y sala de despiece de cerdo y derivados","potentialAction":[{"@type":"SearchAction","target":{"@type":"EntryPoint","urlTemplate":"https:\/\/friselva.com\/de\/?s={search_term_string}"},"query-input":{"@type":"PropertyValueSpecification","valueRequired":true,"valueName":"search_term_string"}}],"inLanguage":"de"}]}},"_links":{"self":[{"href":"https:\/\/friselva.com\/de\/wp-json\/wp\/v2\/pages\/6693","targetHints":{"allow":["GET"]}}],"collection":[{"href":"https:\/\/friselva.com\/de\/wp-json\/wp\/v2\/pages"}],"about":[{"href":"https:\/\/friselva.com\/de\/wp-json\/wp\/v2\/types\/page"}],"author":[{"embeddable":true,"href":"https:\/\/friselva.com\/de\/wp-json\/wp\/v2\/users\/1"}],"replies":[{"embeddable":true,"href":"https:\/\/friselva.com\/de\/wp-json\/wp\/v2\/comments?post=6693"}],"version-history":[{"count":7,"href":"https:\/\/friselva.com\/de\/wp-json\/wp\/v2\/pages\/6693\/revisions"}],"predecessor-version":[{"id":10372,"href":"https:\/\/friselva.com\/de\/wp-json\/wp\/v2\/pages\/6693\/revisions\/10372"}],"wp:attachment":[{"href":"https:\/\/friselva.com\/de\/wp-json\/wp\/v2\/media?parent=6693"}],"curies":[{"name":"wp","href":"https:\/\/api.w.org\/{rel}","templated":true}]}}